{"id":40523,"date":"2024-02-13T14:01:27","date_gmt":"2024-02-13T13:01:27","guid":{"rendered":"https:\/\/cartium.eu\/rs\/?post_type=product&#038;p=40523"},"modified":"2024-02-13T15:20:02","modified_gmt":"2024-02-13T14:20:02","slug":"multifunkcionalni-dzoger-za-ciscenje","status":"publish","type":"product","link":"https:\/\/cartium.eu\/rs\/proizvod\/multifunkcionalni-dzoger-za-ciscenje\/","title":{"rendered":"Multifunkcionalni d\u017eoger za \u010di\u0161\u0107enje"},"content":{"rendered":"","protected":false},"excerpt":{"rendered":"<p>\u010ci\u0161\u0107enje,struganje ili brisanje pra\u0161ine, sve u jednom fenomenalnom i prakti\u010dnom d\u017eogeru!<\/p>\n","protected":false},"featured_media":40527,"comment_status":"closed","ping_status":"closed","template":"","meta":{"inline_featured_image":false},"product_brand":[],"product_cat":[15],"product_tag":[],"class_list":{"0":"post-40523","1":"product","2":"type-product","3":"status-publish","4":"has-post-thumbnail","6":"product_cat-uncategorized","8":"first","9":"instock","10":"sale","11":"shipping-taxable","12":"purchasable","13":"product-type-simple"},"acf":[],"_links":{"self":[{"href":"https:\/\/cartium.eu\/rs\/wp-json\/wp\/v2\/product\/40523","targetHints":{"allow":["GET"]}}],"collection":[{"href":"https:\/\/cartium.eu\/rs\/wp-json\/wp\/v2\/product"}],"about":[{"href":"https:\/\/cartium.eu\/rs\/wp-json\/wp\/v2\/types\/product"}],"replies":[{"embeddable":true,"href":"https:\/\/cartium.eu\/rs\/wp-json\/wp\/v2\/comments?post=40523"}],"wp:featuredmedia":[{"embeddable":true,"href":"https:\/\/cartium.eu\/rs\/wp-json\/wp\/v2\/media\/40527"}],"wp:attachment":[{"href":"https:\/\/cartium.eu\/rs\/wp-json\/wp\/v2\/media?parent=40523"}],"wp:term":[{"taxonomy":"product_brand","embeddable":true,"href":"https:\/\/cartium.eu\/rs\/wp-json\/wp\/v2\/product_brand?post=40523"},{"taxonomy":"product_cat","embeddable":true,"href":"https:\/\/cartium.eu\/rs\/wp-json\/wp\/v2\/product_cat?post=40523"},{"taxonomy":"product_tag","embeddable":true,"href":"https:\/\/cartium.eu\/rs\/wp-json\/wp\/v2\/product_tag?post=40523"}],"curies":[{"name":"wp","href":"https:\/\/api.w.org\/{rel}","templated":true}]}}