{"id":40535,"date":"2024-02-13T15:13:55","date_gmt":"2024-02-13T14:13:55","guid":{"rendered":"https:\/\/cartium.eu\/rs\/?post_type=product&#038;p=40535"},"modified":"2024-02-13T16:22:11","modified_gmt":"2024-02-13T15:22:11","slug":"wrench-dugacki-kljuc-sa-podesivom-glavom","status":"publish","type":"product","link":"https:\/\/cartium.eu\/rs\/proizvod\/wrench-dugacki-kljuc-sa-podesivom-glavom\/","title":{"rendered":"Wrench duga\u010dki klju\u010d sa podesivom glavom"},"content":{"rendered":"","protected":false},"excerpt":{"rendered":"<p>Ovaj klju\u010d dolazi u kompletu sa 15 delova, \u0161to ga \u010dini izuzetno mo\u0107nim i korisnim alatom za razne namene!<\/p>\n","protected":false},"featured_media":40543,"comment_status":"closed","ping_status":"closed","template":"","meta":{"inline_featured_image":false},"product_brand":[],"product_cat":[15],"product_tag":[],"class_list":{"0":"post-40535","1":"product","2":"type-product","3":"status-publish","4":"has-post-thumbnail","6":"product_cat-uncategorized","8":"first","9":"instock","10":"sale","11":"shipping-taxable","12":"purchasable","13":"product-type-simple"},"acf":[],"_links":{"self":[{"href":"https:\/\/cartium.eu\/rs\/wp-json\/wp\/v2\/product\/40535","targetHints":{"allow":["GET"]}}],"collection":[{"href":"https:\/\/cartium.eu\/rs\/wp-json\/wp\/v2\/product"}],"about":[{"href":"https:\/\/cartium.eu\/rs\/wp-json\/wp\/v2\/types\/product"}],"replies":[{"embeddable":true,"href":"https:\/\/cartium.eu\/rs\/wp-json\/wp\/v2\/comments?post=40535"}],"wp:featuredmedia":[{"embeddable":true,"href":"https:\/\/cartium.eu\/rs\/wp-json\/wp\/v2\/media\/40543"}],"wp:attachment":[{"href":"https:\/\/cartium.eu\/rs\/wp-json\/wp\/v2\/media?parent=40535"}],"wp:term":[{"taxonomy":"product_brand","embeddable":true,"href":"https:\/\/cartium.eu\/rs\/wp-json\/wp\/v2\/product_brand?post=40535"},{"taxonomy":"product_cat","embeddable":true,"href":"https:\/\/cartium.eu\/rs\/wp-json\/wp\/v2\/product_cat?post=40535"},{"taxonomy":"product_tag","embeddable":true,"href":"https:\/\/cartium.eu\/rs\/wp-json\/wp\/v2\/product_tag?post=40535"}],"curies":[{"name":"wp","href":"https:\/\/api.w.org\/{rel}","templated":true}]}}