{"id":40562,"date":"2024-02-14T08:46:05","date_gmt":"2024-02-14T07:46:05","guid":{"rendered":"https:\/\/cartium.eu\/rs\/?post_type=product&#038;p=40562"},"modified":"2024-02-14T13:14:27","modified_gmt":"2024-02-14T12:14:27","slug":"veliki-plameni-upaljac-otporan-na-vetar","status":"publish","type":"product","link":"https:\/\/cartium.eu\/rs\/proizvod\/veliki-plameni-upaljac-otporan-na-vetar\/","title":{"rendered":"Veliki plameni upalja\u010d otporan na vetar"},"content":{"rendered":"","protected":false},"excerpt":{"rendered":"<p>Vi\u0161enamenski, mo\u0107ni upalja\u010d sa mo\u0107nim plamenom otporan je na vetar i druge vremenske neprilike!<\/p>\n","protected":false},"featured_media":40564,"comment_status":"closed","ping_status":"closed","template":"","meta":{"inline_featured_image":false},"product_brand":[],"product_cat":[15],"product_tag":[],"class_list":{"0":"post-40562","1":"product","2":"type-product","3":"status-publish","4":"has-post-thumbnail","6":"product_cat-uncategorized","8":"first","9":"instock","10":"sale","11":"shipping-taxable","12":"purchasable","13":"product-type-simple"},"acf":[],"_links":{"self":[{"href":"https:\/\/cartium.eu\/rs\/wp-json\/wp\/v2\/product\/40562","targetHints":{"allow":["GET"]}}],"collection":[{"href":"https:\/\/cartium.eu\/rs\/wp-json\/wp\/v2\/product"}],"about":[{"href":"https:\/\/cartium.eu\/rs\/wp-json\/wp\/v2\/types\/product"}],"replies":[{"embeddable":true,"href":"https:\/\/cartium.eu\/rs\/wp-json\/wp\/v2\/comments?post=40562"}],"wp:featuredmedia":[{"embeddable":true,"href":"https:\/\/cartium.eu\/rs\/wp-json\/wp\/v2\/media\/40564"}],"wp:attachment":[{"href":"https:\/\/cartium.eu\/rs\/wp-json\/wp\/v2\/media?parent=40562"}],"wp:term":[{"taxonomy":"product_brand","embeddable":true,"href":"https:\/\/cartium.eu\/rs\/wp-json\/wp\/v2\/product_brand?post=40562"},{"taxonomy":"product_cat","embeddable":true,"href":"https:\/\/cartium.eu\/rs\/wp-json\/wp\/v2\/product_cat?post=40562"},{"taxonomy":"product_tag","embeddable":true,"href":"https:\/\/cartium.eu\/rs\/wp-json\/wp\/v2\/product_tag?post=40562"}],"curies":[{"name":"wp","href":"https:\/\/api.w.org\/{rel}","templated":true}]}}