{"id":40568,"date":"2024-02-14T09:37:36","date_gmt":"2024-02-14T08:37:36","guid":{"rendered":"https:\/\/cartium.eu\/rs\/?post_type=product&#038;p=40568"},"modified":"2024-02-14T13:15:29","modified_gmt":"2024-02-14T12:15:29","slug":"sal-sa-kapom-2u1","status":"publish","type":"product","link":"https:\/\/cartium.eu\/rs\/proizvod\/sal-sa-kapom-2u1\/","title":{"rendered":"\u0160al sa kapom 2u1"},"content":{"rendered":"","protected":false},"excerpt":{"rendered":"<p>Ovaj zanimljivi i prakti\u010dni dizajn odu\u0161evi\u0107e svakog ljubitelja mode i toplote. \u0160al i kapa u jednom proizvodu!<\/p>\n","protected":false},"featured_media":40571,"comment_status":"closed","ping_status":"closed","template":"","meta":{"inline_featured_image":false},"product_brand":[],"product_cat":[15],"product_tag":[],"class_list":{"0":"post-40568","1":"product","2":"type-product","3":"status-publish","4":"has-post-thumbnail","6":"product_cat-uncategorized","8":"first","9":"instock","10":"sale","11":"shipping-taxable","12":"purchasable","13":"product-type-simple"},"acf":[],"_links":{"self":[{"href":"https:\/\/cartium.eu\/rs\/wp-json\/wp\/v2\/product\/40568","targetHints":{"allow":["GET"]}}],"collection":[{"href":"https:\/\/cartium.eu\/rs\/wp-json\/wp\/v2\/product"}],"about":[{"href":"https:\/\/cartium.eu\/rs\/wp-json\/wp\/v2\/types\/product"}],"replies":[{"embeddable":true,"href":"https:\/\/cartium.eu\/rs\/wp-json\/wp\/v2\/comments?post=40568"}],"wp:featuredmedia":[{"embeddable":true,"href":"https:\/\/cartium.eu\/rs\/wp-json\/wp\/v2\/media\/40571"}],"wp:attachment":[{"href":"https:\/\/cartium.eu\/rs\/wp-json\/wp\/v2\/media?parent=40568"}],"wp:term":[{"taxonomy":"product_brand","embeddable":true,"href":"https:\/\/cartium.eu\/rs\/wp-json\/wp\/v2\/product_brand?post=40568"},{"taxonomy":"product_cat","embeddable":true,"href":"https:\/\/cartium.eu\/rs\/wp-json\/wp\/v2\/product_cat?post=40568"},{"taxonomy":"product_tag","embeddable":true,"href":"https:\/\/cartium.eu\/rs\/wp-json\/wp\/v2\/product_tag?post=40568"}],"curies":[{"name":"wp","href":"https:\/\/api.w.org\/{rel}","templated":true}]}}