{"id":40576,"date":"2024-02-14T10:04:18","date_gmt":"2024-02-14T09:04:18","guid":{"rendered":"https:\/\/cartium.eu\/rs\/?post_type=product&#038;p=40576"},"modified":"2024-02-15T12:32:53","modified_gmt":"2024-02-15T11:32:53","slug":"sklopivi-stap-za-pecanje","status":"publish","type":"product","link":"https:\/\/cartium.eu\/rs\/proizvod\/sklopivi-stap-za-pecanje\/","title":{"rendered":"Sklopivi \u0161tap za pecanje"},"content":{"rendered":"","protected":false},"excerpt":{"rendered":"<p>Ovaj fenomenalni sklopivi \u0161tap za pecanje dolazi s ugra\u0111enom rolom i svim dodacima koji su vam potrebni. Samo rasklopite, zabacite i spremni ste za pecanje!<\/p>\n","protected":false},"featured_media":40585,"comment_status":"closed","ping_status":"closed","template":"","meta":{"inline_featured_image":false},"product_brand":[],"product_cat":[15],"product_tag":[],"class_list":{"0":"post-40576","1":"product","2":"type-product","3":"status-publish","4":"has-post-thumbnail","6":"product_cat-uncategorized","8":"first","9":"instock","10":"sale","11":"shipping-taxable","12":"purchasable","13":"product-type-simple"},"acf":[],"_links":{"self":[{"href":"https:\/\/cartium.eu\/rs\/wp-json\/wp\/v2\/product\/40576","targetHints":{"allow":["GET"]}}],"collection":[{"href":"https:\/\/cartium.eu\/rs\/wp-json\/wp\/v2\/product"}],"about":[{"href":"https:\/\/cartium.eu\/rs\/wp-json\/wp\/v2\/types\/product"}],"replies":[{"embeddable":true,"href":"https:\/\/cartium.eu\/rs\/wp-json\/wp\/v2\/comments?post=40576"}],"wp:featuredmedia":[{"embeddable":true,"href":"https:\/\/cartium.eu\/rs\/wp-json\/wp\/v2\/media\/40585"}],"wp:attachment":[{"href":"https:\/\/cartium.eu\/rs\/wp-json\/wp\/v2\/media?parent=40576"}],"wp:term":[{"taxonomy":"product_brand","embeddable":true,"href":"https:\/\/cartium.eu\/rs\/wp-json\/wp\/v2\/product_brand?post=40576"},{"taxonomy":"product_cat","embeddable":true,"href":"https:\/\/cartium.eu\/rs\/wp-json\/wp\/v2\/product_cat?post=40576"},{"taxonomy":"product_tag","embeddable":true,"href":"https:\/\/cartium.eu\/rs\/wp-json\/wp\/v2\/product_tag?post=40576"}],"curies":[{"name":"wp","href":"https:\/\/api.w.org\/{rel}","templated":true}]}}