{"id":40646,"date":"2024-02-15T08:53:24","date_gmt":"2024-02-15T07:53:24","guid":{"rendered":"https:\/\/cartium.eu\/rs\/?post_type=product&#038;p=40646"},"modified":"2024-02-17T15:42:56","modified_gmt":"2024-02-17T14:42:56","slug":"montessori-prirucnik-za-ucenje-razlicitih-vestina","status":"publish","type":"product","link":"https:\/\/cartium.eu\/rs\/proizvod\/montessori-prirucnik-za-ucenje-razlicitih-vestina\/","title":{"rendered":"Montessori priru\u010dnik za u\u010denje razli\u010ditih ve\u0161tina"},"content":{"rendered":"","protected":false},"excerpt":{"rendered":"<p>Tihe, senzorne knjige za u\u010denje omogu\u0107i\u0107e deci da nau\u010de brzo i lako osnovne ve\u0161tine kroz igru i zabavu!<\/p>\n","protected":false},"featured_media":40649,"comment_status":"closed","ping_status":"closed","template":"","meta":{"inline_featured_image":false},"product_brand":[],"product_cat":[15],"product_tag":[],"class_list":{"0":"post-40646","1":"product","2":"type-product","3":"status-publish","4":"has-post-thumbnail","6":"product_cat-uncategorized","8":"first","9":"instock","10":"sale","11":"shipping-taxable","12":"purchasable","13":"product-type-simple"},"acf":[],"_links":{"self":[{"href":"https:\/\/cartium.eu\/rs\/wp-json\/wp\/v2\/product\/40646","targetHints":{"allow":["GET"]}}],"collection":[{"href":"https:\/\/cartium.eu\/rs\/wp-json\/wp\/v2\/product"}],"about":[{"href":"https:\/\/cartium.eu\/rs\/wp-json\/wp\/v2\/types\/product"}],"replies":[{"embeddable":true,"href":"https:\/\/cartium.eu\/rs\/wp-json\/wp\/v2\/comments?post=40646"}],"wp:featuredmedia":[{"embeddable":true,"href":"https:\/\/cartium.eu\/rs\/wp-json\/wp\/v2\/media\/40649"}],"wp:attachment":[{"href":"https:\/\/cartium.eu\/rs\/wp-json\/wp\/v2\/media?parent=40646"}],"wp:term":[{"taxonomy":"product_brand","embeddable":true,"href":"https:\/\/cartium.eu\/rs\/wp-json\/wp\/v2\/product_brand?post=40646"},{"taxonomy":"product_cat","embeddable":true,"href":"https:\/\/cartium.eu\/rs\/wp-json\/wp\/v2\/product_cat?post=40646"},{"taxonomy":"product_tag","embeddable":true,"href":"https:\/\/cartium.eu\/rs\/wp-json\/wp\/v2\/product_tag?post=40646"}],"curies":[{"name":"wp","href":"https:\/\/api.w.org\/{rel}","templated":true}]}}