{"id":40654,"date":"2024-02-15T09:09:59","date_gmt":"2024-02-15T08:09:59","guid":{"rendered":"https:\/\/cartium.eu\/rs\/?post_type=product&#038;p=40654"},"modified":"2024-02-17T15:47:46","modified_gmt":"2024-02-17T14:47:46","slug":"brava-sa-sigurnosnom-lozinkom","status":"publish","type":"product","link":"https:\/\/cartium.eu\/rs\/proizvod\/brava-sa-sigurnosnom-lozinkom\/","title":{"rendered":"Brava sa sigurnosnom lozinkom"},"content":{"rendered":"","protected":false},"excerpt":{"rendered":"<p>Sigruna i izdr\u017eljiva metalna brava sa 1000 mogu\u0107ih kombinacija pru\u017ea vam potpunu sigurnost bez upotrebe te\u0161kih katanaca i klju\u010deva!<\/p>\n","protected":false},"featured_media":40658,"comment_status":"closed","ping_status":"closed","template":"","meta":{"inline_featured_image":false},"product_brand":[],"product_cat":[15],"product_tag":[],"class_list":{"0":"post-40654","1":"product","2":"type-product","3":"status-publish","4":"has-post-thumbnail","6":"product_cat-uncategorized","8":"first","9":"instock","10":"sale","11":"shipping-taxable","12":"purchasable","13":"product-type-simple"},"acf":[],"_links":{"self":[{"href":"https:\/\/cartium.eu\/rs\/wp-json\/wp\/v2\/product\/40654","targetHints":{"allow":["GET"]}}],"collection":[{"href":"https:\/\/cartium.eu\/rs\/wp-json\/wp\/v2\/product"}],"about":[{"href":"https:\/\/cartium.eu\/rs\/wp-json\/wp\/v2\/types\/product"}],"replies":[{"embeddable":true,"href":"https:\/\/cartium.eu\/rs\/wp-json\/wp\/v2\/comments?post=40654"}],"wp:featuredmedia":[{"embeddable":true,"href":"https:\/\/cartium.eu\/rs\/wp-json\/wp\/v2\/media\/40658"}],"wp:attachment":[{"href":"https:\/\/cartium.eu\/rs\/wp-json\/wp\/v2\/media?parent=40654"}],"wp:term":[{"taxonomy":"product_brand","embeddable":true,"href":"https:\/\/cartium.eu\/rs\/wp-json\/wp\/v2\/product_brand?post=40654"},{"taxonomy":"product_cat","embeddable":true,"href":"https:\/\/cartium.eu\/rs\/wp-json\/wp\/v2\/product_cat?post=40654"},{"taxonomy":"product_tag","embeddable":true,"href":"https:\/\/cartium.eu\/rs\/wp-json\/wp\/v2\/product_tag?post=40654"}],"curies":[{"name":"wp","href":"https:\/\/api.w.org\/{rel}","templated":true}]}}