{"id":40711,"date":"2024-02-16T08:42:39","date_gmt":"2024-02-16T07:42:39","guid":{"rendered":"https:\/\/cartium.eu\/rs\/?post_type=product&#038;p=40711"},"modified":"2024-02-16T11:53:39","modified_gmt":"2024-02-16T10:53:39","slug":"sklopiva-pegla-na-paru-za-odecu","status":"publish","type":"product","link":"https:\/\/cartium.eu\/rs\/proizvod\/sklopiva-pegla-na-paru-za-odecu\/","title":{"rendered":"Sklopiva pegla na paru za ode\u0107u"},"content":{"rendered":"","protected":false},"excerpt":{"rendered":"<p>Prakti\u010dna, sklopiva pegla na paru idealan je saputnik tokom svih putovanja. Kompaktna i mo\u0107na ispegla\u0107e va\u0161u ode\u0107u savr\u0161eno svaki put!<\/p>\n","protected":false},"featured_media":40717,"comment_status":"closed","ping_status":"closed","template":"","meta":{"inline_featured_image":false},"product_brand":[],"product_cat":[15],"product_tag":[],"class_list":{"0":"post-40711","1":"product","2":"type-product","3":"status-publish","4":"has-post-thumbnail","6":"product_cat-uncategorized","8":"first","9":"instock","10":"sale","11":"shipping-taxable","12":"purchasable","13":"product-type-simple"},"acf":[],"_links":{"self":[{"href":"https:\/\/cartium.eu\/rs\/wp-json\/wp\/v2\/product\/40711","targetHints":{"allow":["GET"]}}],"collection":[{"href":"https:\/\/cartium.eu\/rs\/wp-json\/wp\/v2\/product"}],"about":[{"href":"https:\/\/cartium.eu\/rs\/wp-json\/wp\/v2\/types\/product"}],"replies":[{"embeddable":true,"href":"https:\/\/cartium.eu\/rs\/wp-json\/wp\/v2\/comments?post=40711"}],"wp:featuredmedia":[{"embeddable":true,"href":"https:\/\/cartium.eu\/rs\/wp-json\/wp\/v2\/media\/40717"}],"wp:attachment":[{"href":"https:\/\/cartium.eu\/rs\/wp-json\/wp\/v2\/media?parent=40711"}],"wp:term":[{"taxonomy":"product_brand","embeddable":true,"href":"https:\/\/cartium.eu\/rs\/wp-json\/wp\/v2\/product_brand?post=40711"},{"taxonomy":"product_cat","embeddable":true,"href":"https:\/\/cartium.eu\/rs\/wp-json\/wp\/v2\/product_cat?post=40711"},{"taxonomy":"product_tag","embeddable":true,"href":"https:\/\/cartium.eu\/rs\/wp-json\/wp\/v2\/product_tag?post=40711"}],"curies":[{"name":"wp","href":"https:\/\/api.w.org\/{rel}","templated":true}]}}