{"id":40721,"date":"2024-02-16T09:11:08","date_gmt":"2024-02-16T08:11:08","guid":{"rendered":"https:\/\/cartium.eu\/rs\/?post_type=product&#038;p=40721"},"modified":"2024-02-16T12:36:50","modified_gmt":"2024-02-16T11:36:50","slug":"3d-slagalica-za-decu","status":"publish","type":"product","link":"https:\/\/cartium.eu\/rs\/proizvod\/3d-slagalica-za-decu\/","title":{"rendered":"3D slagalica za decu"},"content":{"rendered":"","protected":false},"excerpt":{"rendered":"<p>3D slagalica od papira stimulisa\u0107e de\u010dijiju ma\u0161tu, podstaknuti logi\u010dko razmi\u0161ljanje i pru\u017eiti im mnogo lepe igre i zabave!<\/p>\n","protected":false},"featured_media":40722,"comment_status":"closed","ping_status":"closed","template":"","meta":{"inline_featured_image":false},"product_brand":[],"product_cat":[15],"product_tag":[],"class_list":{"0":"post-40721","1":"product","2":"type-product","3":"status-publish","4":"has-post-thumbnail","6":"product_cat-uncategorized","8":"first","9":"instock","10":"sale","11":"shipping-taxable","12":"purchasable","13":"product-type-variable"},"acf":[],"_links":{"self":[{"href":"https:\/\/cartium.eu\/rs\/wp-json\/wp\/v2\/product\/40721","targetHints":{"allow":["GET"]}}],"collection":[{"href":"https:\/\/cartium.eu\/rs\/wp-json\/wp\/v2\/product"}],"about":[{"href":"https:\/\/cartium.eu\/rs\/wp-json\/wp\/v2\/types\/product"}],"replies":[{"embeddable":true,"href":"https:\/\/cartium.eu\/rs\/wp-json\/wp\/v2\/comments?post=40721"}],"wp:featuredmedia":[{"embeddable":true,"href":"https:\/\/cartium.eu\/rs\/wp-json\/wp\/v2\/media\/40722"}],"wp:attachment":[{"href":"https:\/\/cartium.eu\/rs\/wp-json\/wp\/v2\/media?parent=40721"}],"wp:term":[{"taxonomy":"product_brand","embeddable":true,"href":"https:\/\/cartium.eu\/rs\/wp-json\/wp\/v2\/product_brand?post=40721"},{"taxonomy":"product_cat","embeddable":true,"href":"https:\/\/cartium.eu\/rs\/wp-json\/wp\/v2\/product_cat?post=40721"},{"taxonomy":"product_tag","embeddable":true,"href":"https:\/\/cartium.eu\/rs\/wp-json\/wp\/v2\/product_tag?post=40721"}],"curies":[{"name":"wp","href":"https:\/\/api.w.org\/{rel}","templated":true}]}}