{"id":40732,"date":"2024-02-16T09:59:22","date_gmt":"2024-02-16T08:59:22","guid":{"rendered":"https:\/\/cartium.eu\/rs\/?post_type=product&#038;p=40732"},"modified":"2024-02-16T12:10:46","modified_gmt":"2024-02-16T11:10:46","slug":"montessori-kutija-za-alat","status":"publish","type":"product","link":"https:\/\/cartium.eu\/rs\/proizvod\/montessori-kutija-za-alat\/","title":{"rendered":"Montessori kutija za alat"},"content":{"rendered":"","protected":false},"excerpt":{"rendered":"<p>Novi na\u010din zabave i kvalitetno provedenog vremena. Ova Montessori kutija sa alatom je sve \u0161to vam je potrebno kakobi va\u0161u decu obradovali i zabavili satima!<\/p>\n","protected":false},"featured_media":40738,"comment_status":"closed","ping_status":"closed","template":"","meta":{"inline_featured_image":false},"product_brand":[],"product_cat":[15],"product_tag":[],"class_list":{"0":"post-40732","1":"product","2":"type-product","3":"status-publish","4":"has-post-thumbnail","6":"product_cat-uncategorized","8":"first","9":"instock","10":"sale","11":"shipping-taxable","12":"purchasable","13":"product-type-simple"},"acf":[],"_links":{"self":[{"href":"https:\/\/cartium.eu\/rs\/wp-json\/wp\/v2\/product\/40732","targetHints":{"allow":["GET"]}}],"collection":[{"href":"https:\/\/cartium.eu\/rs\/wp-json\/wp\/v2\/product"}],"about":[{"href":"https:\/\/cartium.eu\/rs\/wp-json\/wp\/v2\/types\/product"}],"replies":[{"embeddable":true,"href":"https:\/\/cartium.eu\/rs\/wp-json\/wp\/v2\/comments?post=40732"}],"wp:featuredmedia":[{"embeddable":true,"href":"https:\/\/cartium.eu\/rs\/wp-json\/wp\/v2\/media\/40738"}],"wp:attachment":[{"href":"https:\/\/cartium.eu\/rs\/wp-json\/wp\/v2\/media?parent=40732"}],"wp:term":[{"taxonomy":"product_brand","embeddable":true,"href":"https:\/\/cartium.eu\/rs\/wp-json\/wp\/v2\/product_brand?post=40732"},{"taxonomy":"product_cat","embeddable":true,"href":"https:\/\/cartium.eu\/rs\/wp-json\/wp\/v2\/product_cat?post=40732"},{"taxonomy":"product_tag","embeddable":true,"href":"https:\/\/cartium.eu\/rs\/wp-json\/wp\/v2\/product_tag?post=40732"}],"curies":[{"name":"wp","href":"https:\/\/api.w.org\/{rel}","templated":true}]}}