{"id":40836,"date":"2024-02-19T08:26:01","date_gmt":"2024-02-19T07:26:01","guid":{"rendered":"https:\/\/cartium.eu\/rs\/?post_type=product&#038;p=40836"},"modified":"2024-02-19T10:45:01","modified_gmt":"2024-02-19T09:45:01","slug":"visenamenska-sklopiva-pila-za-drvo","status":"publish","type":"product","link":"https:\/\/cartium.eu\/rs\/proizvod\/visenamenska-sklopiva-pila-za-drvo\/","title":{"rendered":"Vi\u0161enamenska sklopiva pila za drvo"},"content":{"rendered":"","protected":false},"excerpt":{"rendered":"<p>O\u0161trica od nehr\u0111aju\u0107eg \u010delika, visoka \u010dvrsto\u0107a i otpornost samo su neke od karakteristika ove vi\u0161enamenske sklopive pile!<\/p>\n","protected":false},"featured_media":40842,"comment_status":"closed","ping_status":"closed","template":"","meta":{"inline_featured_image":false},"product_brand":[],"product_cat":[15],"product_tag":[],"class_list":{"0":"post-40836","1":"product","2":"type-product","3":"status-publish","4":"has-post-thumbnail","6":"product_cat-uncategorized","8":"first","9":"instock","10":"sale","11":"shipping-taxable","12":"purchasable","13":"product-type-simple"},"acf":[],"_links":{"self":[{"href":"https:\/\/cartium.eu\/rs\/wp-json\/wp\/v2\/product\/40836","targetHints":{"allow":["GET"]}}],"collection":[{"href":"https:\/\/cartium.eu\/rs\/wp-json\/wp\/v2\/product"}],"about":[{"href":"https:\/\/cartium.eu\/rs\/wp-json\/wp\/v2\/types\/product"}],"replies":[{"embeddable":true,"href":"https:\/\/cartium.eu\/rs\/wp-json\/wp\/v2\/comments?post=40836"}],"wp:featuredmedia":[{"embeddable":true,"href":"https:\/\/cartium.eu\/rs\/wp-json\/wp\/v2\/media\/40842"}],"wp:attachment":[{"href":"https:\/\/cartium.eu\/rs\/wp-json\/wp\/v2\/media?parent=40836"}],"wp:term":[{"taxonomy":"product_brand","embeddable":true,"href":"https:\/\/cartium.eu\/rs\/wp-json\/wp\/v2\/product_brand?post=40836"},{"taxonomy":"product_cat","embeddable":true,"href":"https:\/\/cartium.eu\/rs\/wp-json\/wp\/v2\/product_cat?post=40836"},{"taxonomy":"product_tag","embeddable":true,"href":"https:\/\/cartium.eu\/rs\/wp-json\/wp\/v2\/product_tag?post=40836"}],"curies":[{"name":"wp","href":"https:\/\/api.w.org\/{rel}","templated":true}]}}