{"id":40853,"date":"2024-02-19T09:47:52","date_gmt":"2024-02-19T08:47:52","guid":{"rendered":"https:\/\/cartium.eu\/rs\/?post_type=product&#038;p=40853"},"modified":"2024-02-19T15:33:54","modified_gmt":"2024-02-19T14:33:54","slug":"3u1-cetka-za-stilizovanje-kose","status":"publish","type":"product","link":"https:\/\/cartium.eu\/rs\/proizvod\/3u1-cetka-za-stilizovanje-kose\/","title":{"rendered":"3u1 \u010detka za stilizovanje kose"},"content":{"rendered":"","protected":false},"excerpt":{"rendered":"<p>Fantasti\u010dna 3u1 \u010detka sa vru\u0107im zrakom i rotiraju\u0107i fen za suhu kosu, uvijanje kose ili ispravljanje kose. Sve \u0161to vam je potrebno za savr\u0161eno stilizovanu kosu u jednom proizvodu!<\/p>\n","protected":false},"featured_media":40856,"comment_status":"closed","ping_status":"closed","template":"","meta":{"inline_featured_image":false},"product_brand":[],"product_cat":[15],"product_tag":[],"class_list":{"0":"post-40853","1":"product","2":"type-product","3":"status-publish","4":"has-post-thumbnail","6":"product_cat-uncategorized","8":"first","9":"instock","10":"sale","11":"shipping-taxable","12":"purchasable","13":"product-type-simple"},"acf":[],"_links":{"self":[{"href":"https:\/\/cartium.eu\/rs\/wp-json\/wp\/v2\/product\/40853","targetHints":{"allow":["GET"]}}],"collection":[{"href":"https:\/\/cartium.eu\/rs\/wp-json\/wp\/v2\/product"}],"about":[{"href":"https:\/\/cartium.eu\/rs\/wp-json\/wp\/v2\/types\/product"}],"replies":[{"embeddable":true,"href":"https:\/\/cartium.eu\/rs\/wp-json\/wp\/v2\/comments?post=40853"}],"wp:featuredmedia":[{"embeddable":true,"href":"https:\/\/cartium.eu\/rs\/wp-json\/wp\/v2\/media\/40856"}],"wp:attachment":[{"href":"https:\/\/cartium.eu\/rs\/wp-json\/wp\/v2\/media?parent=40853"}],"wp:term":[{"taxonomy":"product_brand","embeddable":true,"href":"https:\/\/cartium.eu\/rs\/wp-json\/wp\/v2\/product_brand?post=40853"},{"taxonomy":"product_cat","embeddable":true,"href":"https:\/\/cartium.eu\/rs\/wp-json\/wp\/v2\/product_cat?post=40853"},{"taxonomy":"product_tag","embeddable":true,"href":"https:\/\/cartium.eu\/rs\/wp-json\/wp\/v2\/product_tag?post=40853"}],"curies":[{"name":"wp","href":"https:\/\/api.w.org\/{rel}","templated":true}]}}