{"id":40869,"date":"2024-02-19T11:52:36","date_gmt":"2024-02-19T10:52:36","guid":{"rendered":"https:\/\/cartium.eu\/rs\/?post_type=product&#038;p=40869"},"modified":"2024-02-19T15:40:09","modified_gmt":"2024-02-19T14:40:09","slug":"edukativna-igracka-auto-poligon","status":"publish","type":"product","link":"https:\/\/cartium.eu\/rs\/proizvod\/edukativna-igracka-auto-poligon\/","title":{"rendered":"Edukativna igra\u010dka &#8211; Auto poligon"},"content":{"rendered":"","protected":false},"excerpt":{"rendered":"<p>Uzbudljiva auto staza sa 8 razli\u010ditih izazova pru\u017ei\u0107e va\u0161oj deci sate neverovatne zabave!<\/p>\n","protected":false},"featured_media":40874,"comment_status":"closed","ping_status":"closed","template":"","meta":{"inline_featured_image":false},"product_brand":[],"product_cat":[15],"product_tag":[],"class_list":{"0":"post-40869","1":"product","2":"type-product","3":"status-publish","4":"has-post-thumbnail","6":"product_cat-uncategorized","8":"first","9":"instock","10":"sale","11":"shipping-taxable","12":"purchasable","13":"product-type-simple"},"acf":[],"_links":{"self":[{"href":"https:\/\/cartium.eu\/rs\/wp-json\/wp\/v2\/product\/40869","targetHints":{"allow":["GET"]}}],"collection":[{"href":"https:\/\/cartium.eu\/rs\/wp-json\/wp\/v2\/product"}],"about":[{"href":"https:\/\/cartium.eu\/rs\/wp-json\/wp\/v2\/types\/product"}],"replies":[{"embeddable":true,"href":"https:\/\/cartium.eu\/rs\/wp-json\/wp\/v2\/comments?post=40869"}],"wp:featuredmedia":[{"embeddable":true,"href":"https:\/\/cartium.eu\/rs\/wp-json\/wp\/v2\/media\/40874"}],"wp:attachment":[{"href":"https:\/\/cartium.eu\/rs\/wp-json\/wp\/v2\/media?parent=40869"}],"wp:term":[{"taxonomy":"product_brand","embeddable":true,"href":"https:\/\/cartium.eu\/rs\/wp-json\/wp\/v2\/product_brand?post=40869"},{"taxonomy":"product_cat","embeddable":true,"href":"https:\/\/cartium.eu\/rs\/wp-json\/wp\/v2\/product_cat?post=40869"},{"taxonomy":"product_tag","embeddable":true,"href":"https:\/\/cartium.eu\/rs\/wp-json\/wp\/v2\/product_tag?post=40869"}],"curies":[{"name":"wp","href":"https:\/\/api.w.org\/{rel}","templated":true}]}}