{"id":40889,"date":"2024-02-19T12:59:42","date_gmt":"2024-02-19T11:59:42","guid":{"rendered":"https:\/\/cartium.eu\/rs\/?post_type=product&#038;p=40889"},"modified":"2024-02-19T15:43:51","modified_gmt":"2024-02-19T14:43:51","slug":"set-za-presovanje-zice-sa-cevastim-terminalom","status":"publish","type":"product","link":"https:\/\/cartium.eu\/rs\/proizvod\/set-za-presovanje-zice-sa-cevastim-terminalom\/","title":{"rendered":"Set za presovanje \u017eice sa cevastim terminalom"},"content":{"rendered":"","protected":false},"excerpt":{"rendered":"<p>\u0160tedite vreme i pobolj\u0161ajte efikasnost sa ovim setom za precizno presovanje \u017eica.<\/p>\n","protected":false},"featured_media":40895,"comment_status":"closed","ping_status":"closed","template":"","meta":{"inline_featured_image":false},"product_brand":[],"product_cat":[15],"product_tag":[],"class_list":{"0":"post-40889","1":"product","2":"type-product","3":"status-publish","4":"has-post-thumbnail","6":"product_cat-uncategorized","8":"first","9":"instock","10":"sale","11":"shipping-taxable","12":"purchasable","13":"product-type-simple"},"acf":[],"_links":{"self":[{"href":"https:\/\/cartium.eu\/rs\/wp-json\/wp\/v2\/product\/40889","targetHints":{"allow":["GET"]}}],"collection":[{"href":"https:\/\/cartium.eu\/rs\/wp-json\/wp\/v2\/product"}],"about":[{"href":"https:\/\/cartium.eu\/rs\/wp-json\/wp\/v2\/types\/product"}],"replies":[{"embeddable":true,"href":"https:\/\/cartium.eu\/rs\/wp-json\/wp\/v2\/comments?post=40889"}],"wp:featuredmedia":[{"embeddable":true,"href":"https:\/\/cartium.eu\/rs\/wp-json\/wp\/v2\/media\/40895"}],"wp:attachment":[{"href":"https:\/\/cartium.eu\/rs\/wp-json\/wp\/v2\/media?parent=40889"}],"wp:term":[{"taxonomy":"product_brand","embeddable":true,"href":"https:\/\/cartium.eu\/rs\/wp-json\/wp\/v2\/product_brand?post=40889"},{"taxonomy":"product_cat","embeddable":true,"href":"https:\/\/cartium.eu\/rs\/wp-json\/wp\/v2\/product_cat?post=40889"},{"taxonomy":"product_tag","embeddable":true,"href":"https:\/\/cartium.eu\/rs\/wp-json\/wp\/v2\/product_tag?post=40889"}],"curies":[{"name":"wp","href":"https:\/\/api.w.org\/{rel}","templated":true}]}}