{"id":40929,"date":"2024-02-20T08:38:16","date_gmt":"2024-02-20T07:38:16","guid":{"rendered":"https:\/\/cartium.eu\/rs\/?post_type=product&#038;p=40929"},"modified":"2024-03-10T14:14:45","modified_gmt":"2024-03-10T13:14:45","slug":"sklopivi-sto-sa-kockama","status":"publish","type":"product","link":"https:\/\/cartium.eu\/rs\/proizvod\/sklopivi-sto-sa-kockama\/","title":{"rendered":"Sklopivi sto sa kockama"},"content":{"rendered":"","protected":false},"excerpt":{"rendered":"<p>Prakti\u010dan, zabavan i koristan sto sa kockama odli\u010dan je za igru, u\u010denje i zabavu.<\/p>\n","protected":false},"featured_media":40930,"comment_status":"closed","ping_status":"closed","template":"","meta":{"inline_featured_image":false},"product_brand":[],"product_cat":[15],"product_tag":[],"class_list":{"0":"post-40929","1":"product","2":"type-product","3":"status-publish","4":"has-post-thumbnail","6":"product_cat-uncategorized","8":"first","9":"instock","10":"sale","11":"shipping-taxable","12":"purchasable","13":"product-type-simple"},"acf":[],"_links":{"self":[{"href":"https:\/\/cartium.eu\/rs\/wp-json\/wp\/v2\/product\/40929","targetHints":{"allow":["GET"]}}],"collection":[{"href":"https:\/\/cartium.eu\/rs\/wp-json\/wp\/v2\/product"}],"about":[{"href":"https:\/\/cartium.eu\/rs\/wp-json\/wp\/v2\/types\/product"}],"replies":[{"embeddable":true,"href":"https:\/\/cartium.eu\/rs\/wp-json\/wp\/v2\/comments?post=40929"}],"wp:featuredmedia":[{"embeddable":true,"href":"https:\/\/cartium.eu\/rs\/wp-json\/wp\/v2\/media\/40930"}],"wp:attachment":[{"href":"https:\/\/cartium.eu\/rs\/wp-json\/wp\/v2\/media?parent=40929"}],"wp:term":[{"taxonomy":"product_brand","embeddable":true,"href":"https:\/\/cartium.eu\/rs\/wp-json\/wp\/v2\/product_brand?post=40929"},{"taxonomy":"product_cat","embeddable":true,"href":"https:\/\/cartium.eu\/rs\/wp-json\/wp\/v2\/product_cat?post=40929"},{"taxonomy":"product_tag","embeddable":true,"href":"https:\/\/cartium.eu\/rs\/wp-json\/wp\/v2\/product_tag?post=40929"}],"curies":[{"name":"wp","href":"https:\/\/api.w.org\/{rel}","templated":true}]}}