{"id":41158,"date":"2024-02-22T14:39:21","date_gmt":"2024-02-22T13:39:21","guid":{"rendered":"https:\/\/cartium.eu\/rs\/?post_type=product&#038;p=41158"},"modified":"2024-03-21T19:22:35","modified_gmt":"2024-03-21T18:22:35","slug":"takmicarska-igra-slaganja-viljuskar","status":"publish","type":"product","link":"https:\/\/cartium.eu\/rs\/proizvod\/takmicarska-igra-slaganja-viljuskar\/","title":{"rendered":"Takmi\u010darska igra slaganja- vilju\u0161kar"},"content":{"rendered":"","protected":false},"excerpt":{"rendered":"<p>Uzbudljiva nova igra koja \u0107e vas i va\u0161e prijatelje zabavljati satima!<\/p>\n","protected":false},"featured_media":41162,"comment_status":"closed","ping_status":"closed","template":"","meta":{"inline_featured_image":false},"product_brand":[],"product_cat":[15],"product_tag":[],"class_list":{"0":"post-41158","1":"product","2":"type-product","3":"status-publish","4":"has-post-thumbnail","6":"product_cat-uncategorized","8":"first","9":"instock","10":"sale","11":"shipping-taxable","12":"purchasable","13":"product-type-simple"},"acf":[],"_links":{"self":[{"href":"https:\/\/cartium.eu\/rs\/wp-json\/wp\/v2\/product\/41158","targetHints":{"allow":["GET"]}}],"collection":[{"href":"https:\/\/cartium.eu\/rs\/wp-json\/wp\/v2\/product"}],"about":[{"href":"https:\/\/cartium.eu\/rs\/wp-json\/wp\/v2\/types\/product"}],"replies":[{"embeddable":true,"href":"https:\/\/cartium.eu\/rs\/wp-json\/wp\/v2\/comments?post=41158"}],"wp:featuredmedia":[{"embeddable":true,"href":"https:\/\/cartium.eu\/rs\/wp-json\/wp\/v2\/media\/41162"}],"wp:attachment":[{"href":"https:\/\/cartium.eu\/rs\/wp-json\/wp\/v2\/media?parent=41158"}],"wp:term":[{"taxonomy":"product_brand","embeddable":true,"href":"https:\/\/cartium.eu\/rs\/wp-json\/wp\/v2\/product_brand?post=41158"},{"taxonomy":"product_cat","embeddable":true,"href":"https:\/\/cartium.eu\/rs\/wp-json\/wp\/v2\/product_cat?post=41158"},{"taxonomy":"product_tag","embeddable":true,"href":"https:\/\/cartium.eu\/rs\/wp-json\/wp\/v2\/product_tag?post=41158"}],"curies":[{"name":"wp","href":"https:\/\/api.w.org\/{rel}","templated":true}]}}