{"id":41172,"date":"2024-02-23T08:40:19","date_gmt":"2024-02-23T07:40:19","guid":{"rendered":"https:\/\/cartium.eu\/rs\/?post_type=product&#038;p=41172"},"modified":"2024-03-21T19:18:38","modified_gmt":"2024-03-21T18:18:38","slug":"alat-za-zatezanje-zice","status":"publish","type":"product","link":"https:\/\/cartium.eu\/rs\/proizvod\/alat-za-zatezanje-zice\/","title":{"rendered":"Alat za zatezanje \u017eice &#8211; 4 komada"},"content":{"rendered":"","protected":false},"excerpt":{"rendered":"<p>Stabilan, \u010dvrst i izdr\u017eljiv, ovaj alat za zatezanje \u017eice brzo i efikasno zate\u017ee sve vrste \u017eice i \u017ei\u010danih ograda.<\/p>\n","protected":false},"featured_media":41178,"comment_status":"closed","ping_status":"closed","template":"","meta":{"inline_featured_image":false},"product_brand":[],"product_cat":[15],"product_tag":[],"class_list":{"0":"post-41172","1":"product","2":"type-product","3":"status-publish","4":"has-post-thumbnail","6":"product_cat-uncategorized","8":"first","9":"instock","10":"sale","11":"shipping-taxable","12":"purchasable","13":"product-type-simple"},"acf":[],"_links":{"self":[{"href":"https:\/\/cartium.eu\/rs\/wp-json\/wp\/v2\/product\/41172","targetHints":{"allow":["GET"]}}],"collection":[{"href":"https:\/\/cartium.eu\/rs\/wp-json\/wp\/v2\/product"}],"about":[{"href":"https:\/\/cartium.eu\/rs\/wp-json\/wp\/v2\/types\/product"}],"replies":[{"embeddable":true,"href":"https:\/\/cartium.eu\/rs\/wp-json\/wp\/v2\/comments?post=41172"}],"wp:featuredmedia":[{"embeddable":true,"href":"https:\/\/cartium.eu\/rs\/wp-json\/wp\/v2\/media\/41178"}],"wp:attachment":[{"href":"https:\/\/cartium.eu\/rs\/wp-json\/wp\/v2\/media?parent=41172"}],"wp:term":[{"taxonomy":"product_brand","embeddable":true,"href":"https:\/\/cartium.eu\/rs\/wp-json\/wp\/v2\/product_brand?post=41172"},{"taxonomy":"product_cat","embeddable":true,"href":"https:\/\/cartium.eu\/rs\/wp-json\/wp\/v2\/product_cat?post=41172"},{"taxonomy":"product_tag","embeddable":true,"href":"https:\/\/cartium.eu\/rs\/wp-json\/wp\/v2\/product_tag?post=41172"}],"curies":[{"name":"wp","href":"https:\/\/api.w.org\/{rel}","templated":true}]}}