{"id":41184,"date":"2024-02-23T09:20:18","date_gmt":"2024-02-23T08:20:18","guid":{"rendered":"https:\/\/cartium.eu\/rs\/?post_type=product&#038;p=41184"},"modified":"2024-03-21T19:17:09","modified_gmt":"2024-03-21T18:17:09","slug":"sprava-za-vezbanje-joge","status":"publish","type":"product","link":"https:\/\/cartium.eu\/rs\/proizvod\/sprava-za-vezbanje-joge\/","title":{"rendered":"Sprava za ve\u017ebanje joge"},"content":{"rendered":"","protected":false},"excerpt":{"rendered":"<p>Re\u0161ite se bolova u le\u0111ima i telu, pobolj\u0161ajte svoju gipkost i vodite ra\u010duna o svom telu !<\/p>\n","protected":false},"featured_media":41187,"comment_status":"closed","ping_status":"closed","template":"","meta":{"inline_featured_image":false},"product_brand":[],"product_cat":[15],"product_tag":[],"class_list":{"0":"post-41184","1":"product","2":"type-product","3":"status-publish","4":"has-post-thumbnail","6":"product_cat-uncategorized","8":"first","9":"instock","10":"sale","11":"shipping-taxable","12":"purchasable","13":"product-type-simple"},"acf":[],"_links":{"self":[{"href":"https:\/\/cartium.eu\/rs\/wp-json\/wp\/v2\/product\/41184","targetHints":{"allow":["GET"]}}],"collection":[{"href":"https:\/\/cartium.eu\/rs\/wp-json\/wp\/v2\/product"}],"about":[{"href":"https:\/\/cartium.eu\/rs\/wp-json\/wp\/v2\/types\/product"}],"replies":[{"embeddable":true,"href":"https:\/\/cartium.eu\/rs\/wp-json\/wp\/v2\/comments?post=41184"}],"wp:featuredmedia":[{"embeddable":true,"href":"https:\/\/cartium.eu\/rs\/wp-json\/wp\/v2\/media\/41187"}],"wp:attachment":[{"href":"https:\/\/cartium.eu\/rs\/wp-json\/wp\/v2\/media?parent=41184"}],"wp:term":[{"taxonomy":"product_brand","embeddable":true,"href":"https:\/\/cartium.eu\/rs\/wp-json\/wp\/v2\/product_brand?post=41184"},{"taxonomy":"product_cat","embeddable":true,"href":"https:\/\/cartium.eu\/rs\/wp-json\/wp\/v2\/product_cat?post=41184"},{"taxonomy":"product_tag","embeddable":true,"href":"https:\/\/cartium.eu\/rs\/wp-json\/wp\/v2\/product_tag?post=41184"}],"curies":[{"name":"wp","href":"https:\/\/api.w.org\/{rel}","templated":true}]}}