{"id":41643,"date":"2024-03-19T14:08:44","date_gmt":"2024-03-19T13:08:44","guid":{"rendered":"https:\/\/cartium.eu\/rs\/?post_type=product&#038;p=41643"},"modified":"2024-03-21T18:47:57","modified_gmt":"2024-03-21T17:47:57","slug":"magnetne-polarizovane-5-u-1-naocale","status":"publish","type":"product","link":"https:\/\/cartium.eu\/rs\/proizvod\/magnetne-polarizovane-5-u-1-naocale\/","title":{"rendered":"Magnetne polarizovane 5 u 1 nao\u010dale"},"content":{"rendered":"","protected":false},"excerpt":{"rendered":"<p>Polarizovane nao\u010dale mo\u017eete da nosite kao nao\u010dale za \u010ditanje ili kao sun\u010dane nao\u010dale. Menjajte stil po \u017eelji i potrebi!<\/p>\n","protected":false},"featured_media":41647,"comment_status":"closed","ping_status":"closed","template":"","meta":{"inline_featured_image":false},"product_brand":[],"product_cat":[15],"product_tag":[],"class_list":{"0":"post-41643","1":"product","2":"type-product","3":"status-publish","4":"has-post-thumbnail","6":"product_cat-uncategorized","8":"first","9":"instock","10":"sale","11":"shipping-taxable","12":"purchasable","13":"product-type-simple"},"acf":[],"_links":{"self":[{"href":"https:\/\/cartium.eu\/rs\/wp-json\/wp\/v2\/product\/41643","targetHints":{"allow":["GET"]}}],"collection":[{"href":"https:\/\/cartium.eu\/rs\/wp-json\/wp\/v2\/product"}],"about":[{"href":"https:\/\/cartium.eu\/rs\/wp-json\/wp\/v2\/types\/product"}],"replies":[{"embeddable":true,"href":"https:\/\/cartium.eu\/rs\/wp-json\/wp\/v2\/comments?post=41643"}],"wp:featuredmedia":[{"embeddable":true,"href":"https:\/\/cartium.eu\/rs\/wp-json\/wp\/v2\/media\/41647"}],"wp:attachment":[{"href":"https:\/\/cartium.eu\/rs\/wp-json\/wp\/v2\/media?parent=41643"}],"wp:term":[{"taxonomy":"product_brand","embeddable":true,"href":"https:\/\/cartium.eu\/rs\/wp-json\/wp\/v2\/product_brand?post=41643"},{"taxonomy":"product_cat","embeddable":true,"href":"https:\/\/cartium.eu\/rs\/wp-json\/wp\/v2\/product_cat?post=41643"},{"taxonomy":"product_tag","embeddable":true,"href":"https:\/\/cartium.eu\/rs\/wp-json\/wp\/v2\/product_tag?post=41643"}],"curies":[{"name":"wp","href":"https:\/\/api.w.org\/{rel}","templated":true}]}}