{"id":41661,"date":"2024-03-19T15:27:47","date_gmt":"2024-03-19T14:27:47","guid":{"rendered":"https:\/\/cartium.eu\/rs\/?post_type=product&#038;p=41661"},"modified":"2024-03-21T18:47:21","modified_gmt":"2024-03-21T17:47:21","slug":"naucno-edukativna-igra-sklapanja","status":"publish","type":"product","link":"https:\/\/cartium.eu\/rs\/proizvod\/naucno-edukativna-igra-sklapanja\/","title":{"rendered":"Nau\u010dno edukativna igra sklapanja"},"content":{"rendered":"","protected":false},"excerpt":{"rendered":"<p>Mno\u0161tvo mogu\u0107nosti sklapanja, ve\u017eba pokreta i sposobnosti i neograni\u010deno mnogo zabave sa ovom igrom.<\/p>\n","protected":false},"featured_media":41664,"comment_status":"closed","ping_status":"closed","template":"","meta":{"inline_featured_image":false},"product_brand":[],"product_cat":[15],"product_tag":[],"class_list":{"0":"post-41661","1":"product","2":"type-product","3":"status-publish","4":"has-post-thumbnail","6":"product_cat-uncategorized","8":"first","9":"instock","10":"sale","11":"shipping-taxable","12":"purchasable","13":"product-type-simple"},"acf":[],"_links":{"self":[{"href":"https:\/\/cartium.eu\/rs\/wp-json\/wp\/v2\/product\/41661","targetHints":{"allow":["GET"]}}],"collection":[{"href":"https:\/\/cartium.eu\/rs\/wp-json\/wp\/v2\/product"}],"about":[{"href":"https:\/\/cartium.eu\/rs\/wp-json\/wp\/v2\/types\/product"}],"replies":[{"embeddable":true,"href":"https:\/\/cartium.eu\/rs\/wp-json\/wp\/v2\/comments?post=41661"}],"wp:featuredmedia":[{"embeddable":true,"href":"https:\/\/cartium.eu\/rs\/wp-json\/wp\/v2\/media\/41664"}],"wp:attachment":[{"href":"https:\/\/cartium.eu\/rs\/wp-json\/wp\/v2\/media?parent=41661"}],"wp:term":[{"taxonomy":"product_brand","embeddable":true,"href":"https:\/\/cartium.eu\/rs\/wp-json\/wp\/v2\/product_brand?post=41661"},{"taxonomy":"product_cat","embeddable":true,"href":"https:\/\/cartium.eu\/rs\/wp-json\/wp\/v2\/product_cat?post=41661"},{"taxonomy":"product_tag","embeddable":true,"href":"https:\/\/cartium.eu\/rs\/wp-json\/wp\/v2\/product_tag?post=41661"}],"curies":[{"name":"wp","href":"https:\/\/api.w.org\/{rel}","templated":true}]}}