{"id":505,"date":"2020-12-09T10:55:54","date_gmt":"2020-12-09T09:55:54","guid":{"rendered":"https:\/\/shopium.eu\/rs\/?post_type=product&#038;p=505"},"modified":"2021-04-07T16:08:33","modified_gmt":"2021-04-07T14:08:33","slug":"proendoscope","status":"publish","type":"product","link":"https:\/\/cartium.eu\/rs\/proizvod\/proendoscope\/","title":{"rendered":"Profesionalni 3u1 endoskop za \u010di\u0161\u0107enje uha &#8211; ProEndoscope"},"content":{"rendered":"<p>Inovativni endoskop sa kamerom i led svetlom kojim \u0107ete u potpunosti da se re\u0161ite vi\u0161ka u\u0161ne smole i ne\u010disto\u0107a koje su se godinama nakupljale! Potpuno univerzalan i kompatibilan sa svim vrstama smart ure\u0111aja.<\/p>\n","protected":false},"excerpt":{"rendered":"<p>Inovativni endoskop sa kamerom i led svetlom kojim \u0107ete u potpunosti da se re\u0161ite vi\u0161ka u\u0161ne smole i ne\u010disto\u0107a koje su se godinama nakupljale! Potpuno univerzalan i kompatibilan sa svim vrstama smart ure\u0111aja.<\/p>\n","protected":false},"featured_media":484,"comment_status":"closed","ping_status":"closed","template":"","meta":{"inline_featured_image":false},"product_brand":[],"product_cat":[15,26],"product_tag":[],"class_list":{"0":"post-505","1":"product","2":"type-product","3":"status-publish","4":"has-post-thumbnail","6":"product_cat-uncategorized","7":"product_cat-health","9":"first","10":"instock","11":"sale","12":"shipping-taxable","13":"purchasable","14":"product-type-simple"},"acf":[],"_links":{"self":[{"href":"https:\/\/cartium.eu\/rs\/wp-json\/wp\/v2\/product\/505","targetHints":{"allow":["GET"]}}],"collection":[{"href":"https:\/\/cartium.eu\/rs\/wp-json\/wp\/v2\/product"}],"about":[{"href":"https:\/\/cartium.eu\/rs\/wp-json\/wp\/v2\/types\/product"}],"replies":[{"embeddable":true,"href":"https:\/\/cartium.eu\/rs\/wp-json\/wp\/v2\/comments?post=505"}],"wp:featuredmedia":[{"embeddable":true,"href":"https:\/\/cartium.eu\/rs\/wp-json\/wp\/v2\/media\/484"}],"wp:attachment":[{"href":"https:\/\/cartium.eu\/rs\/wp-json\/wp\/v2\/media?parent=505"}],"wp:term":[{"taxonomy":"product_brand","embeddable":true,"href":"https:\/\/cartium.eu\/rs\/wp-json\/wp\/v2\/product_brand?post=505"},{"taxonomy":"product_cat","embeddable":true,"href":"https:\/\/cartium.eu\/rs\/wp-json\/wp\/v2\/product_cat?post=505"},{"taxonomy":"product_tag","embeddable":true,"href":"https:\/\/cartium.eu\/rs\/wp-json\/wp\/v2\/product_tag?post=505"}],"curies":[{"name":"wp","href":"https:\/\/api.w.org\/{rel}","templated":true}]}}