{"id":1000,"date":"2023-07-28T13:48:25","date_gmt":"2023-07-28T11:48:25","guid":{"rendered":"https:\/\/cartium.eu\/si\/?post_type=product&#038;p=1000"},"modified":"2023-07-28T14:04:14","modified_gmt":"2023-07-28T12:04:14","slug":"milo-za-obarvanje-sivih-dlacic","status":"publish","type":"product","link":"https:\/\/cartium.eu\/si\/proizvod\/milo-za-obarvanje-sivih-dlacic\/","title":{"rendered":"Milo za obarvanje sivih dla\u010dic"},"content":{"rendered":"","protected":false},"excerpt":{"rendered":"<p>S tem u\u010dinkovitim milom se postopoma znebite sivih dla\u010dic. Enostavno in brez te\u017eav &#8211; kot pranje s \u0161amponom!<\/p>\n","protected":false},"featured_media":1014,"comment_status":"closed","ping_status":"closed","template":"","meta":{"inline_featured_image":false},"product_brand":[],"product_cat":[15,28,26],"product_tag":[],"class_list":{"0":"post-1000","1":"product","2":"type-product","3":"status-publish","4":"has-post-thumbnail","6":"product_cat-uncategorized","7":"product_cat-beauty","8":"product_cat-health","10":"first","11":"instock","12":"sale","13":"taxable","14":"shipping-taxable","15":"purchasable","16":"product-type-simple"},"acf":[],"_links":{"self":[{"href":"https:\/\/cartium.eu\/si\/wp-json\/wp\/v2\/product\/1000","targetHints":{"allow":["GET"]}}],"collection":[{"href":"https:\/\/cartium.eu\/si\/wp-json\/wp\/v2\/product"}],"about":[{"href":"https:\/\/cartium.eu\/si\/wp-json\/wp\/v2\/types\/product"}],"replies":[{"embeddable":true,"href":"https:\/\/cartium.eu\/si\/wp-json\/wp\/v2\/comments?post=1000"}],"wp:featuredmedia":[{"embeddable":true,"href":"https:\/\/cartium.eu\/si\/wp-json\/wp\/v2\/media\/1014"}],"wp:attachment":[{"href":"https:\/\/cartium.eu\/si\/wp-json\/wp\/v2\/media?parent=1000"}],"wp:term":[{"taxonomy":"product_brand","embeddable":true,"href":"https:\/\/cartium.eu\/si\/wp-json\/wp\/v2\/product_brand?post=1000"},{"taxonomy":"product_cat","embeddable":true,"href":"https:\/\/cartium.eu\/si\/wp-json\/wp\/v2\/product_cat?post=1000"},{"taxonomy":"product_tag","embeddable":true,"href":"https:\/\/cartium.eu\/si\/wp-json\/wp\/v2\/product_tag?post=1000"}],"curies":[{"name":"wp","href":"https:\/\/api.w.org\/{rel}","templated":true}]}}