{"id":1100,"date":"2023-09-06T09:04:27","date_gmt":"2023-09-06T07:04:27","guid":{"rendered":"https:\/\/cartium.eu\/si\/?post_type=product&#038;p=1100"},"modified":"2024-02-15T11:40:36","modified_gmt":"2024-02-15T10:40:36","slug":"encimsko-sredstvo-za-odstranjevanje-madezev","status":"publish","type":"product","link":"https:\/\/cartium.eu\/si\/proizvod\/encimsko-sredstvo-za-odstranjevanje-madezev\/","title":{"rendered":"Encimsko sredstvo za odstranjevanje made\u017eev"},"content":{"rendered":"","protected":false},"excerpt":{"rendered":"<p>Znebite se vseh nadle\u017enih trdovratnih made\u017eev na va\u0161ih obla\u010dilih v le nekaj minutah!<\/p>\n","protected":false},"featured_media":1107,"comment_status":"closed","ping_status":"closed","template":"","meta":{"inline_featured_image":false},"product_brand":[],"product_cat":[15,27],"product_tag":[],"class_list":{"0":"post-1100","1":"product","2":"type-product","3":"status-publish","4":"has-post-thumbnail","6":"product_cat-uncategorized","7":"product_cat-home","9":"first","10":"instock","11":"sale","12":"taxable","13":"shipping-taxable","14":"purchasable","15":"product-type-simple"},"acf":[],"_links":{"self":[{"href":"https:\/\/cartium.eu\/si\/wp-json\/wp\/v2\/product\/1100","targetHints":{"allow":["GET"]}}],"collection":[{"href":"https:\/\/cartium.eu\/si\/wp-json\/wp\/v2\/product"}],"about":[{"href":"https:\/\/cartium.eu\/si\/wp-json\/wp\/v2\/types\/product"}],"replies":[{"embeddable":true,"href":"https:\/\/cartium.eu\/si\/wp-json\/wp\/v2\/comments?post=1100"}],"wp:featuredmedia":[{"embeddable":true,"href":"https:\/\/cartium.eu\/si\/wp-json\/wp\/v2\/media\/1107"}],"wp:attachment":[{"href":"https:\/\/cartium.eu\/si\/wp-json\/wp\/v2\/media?parent=1100"}],"wp:term":[{"taxonomy":"product_brand","embeddable":true,"href":"https:\/\/cartium.eu\/si\/wp-json\/wp\/v2\/product_brand?post=1100"},{"taxonomy":"product_cat","embeddable":true,"href":"https:\/\/cartium.eu\/si\/wp-json\/wp\/v2\/product_cat?post=1100"},{"taxonomy":"product_tag","embeddable":true,"href":"https:\/\/cartium.eu\/si\/wp-json\/wp\/v2\/product_tag?post=1100"}],"curies":[{"name":"wp","href":"https:\/\/api.w.org\/{rel}","templated":true}]}}