{"id":1698,"date":"2024-01-23T09:17:51","date_gmt":"2024-01-23T08:17:51","guid":{"rendered":"https:\/\/cartium.eu\/si\/?post_type=product&#038;p=1698"},"modified":"2024-01-26T20:23:06","modified_gmt":"2024-01-26T19:23:06","slug":"11grati-montessori-magnetna-igra-sortiranja-stevilk-in-barv","status":"publish","type":"product","link":"https:\/\/cartium.eu\/si\/proizvod\/11grati-montessori-magnetna-igra-sortiranja-stevilk-in-barv\/","title":{"rendered":"1+1 GRATIS Montessori magnetna igra sortiranja \u0161tevilk in barv"},"content":{"rendered":"","protected":false},"excerpt":{"rendered":"<p><span style=\"vertical-align: inherit\"><span style=\"vertical-align: inherit\">Labirint igra\u010dka sa magnetima &#8211; fenomenalna za razvoj motori\u010dkih sposobnosti, u\u010denje boja, brojeva i vje\u017ebanje ta\u010dnosti i strpljenja!<\/span><\/span><\/p>\n","protected":false},"featured_media":990,"comment_status":"closed","ping_status":"closed","template":"","meta":{"inline_featured_image":false},"product_brand":[],"product_cat":[15,43],"product_tag":[],"class_list":{"0":"post-1698","1":"product","2":"type-product","3":"status-publish","4":"has-post-thumbnail","6":"product_cat-uncategorized","7":"product_cat-fun","9":"first","10":"instock","11":"sale","12":"taxable","13":"shipping-taxable","14":"purchasable","15":"product-type-simple"},"acf":[],"_links":{"self":[{"href":"https:\/\/cartium.eu\/si\/wp-json\/wp\/v2\/product\/1698","targetHints":{"allow":["GET"]}}],"collection":[{"href":"https:\/\/cartium.eu\/si\/wp-json\/wp\/v2\/product"}],"about":[{"href":"https:\/\/cartium.eu\/si\/wp-json\/wp\/v2\/types\/product"}],"replies":[{"embeddable":true,"href":"https:\/\/cartium.eu\/si\/wp-json\/wp\/v2\/comments?post=1698"}],"wp:featuredmedia":[{"embeddable":true,"href":"https:\/\/cartium.eu\/si\/wp-json\/wp\/v2\/media\/990"}],"wp:attachment":[{"href":"https:\/\/cartium.eu\/si\/wp-json\/wp\/v2\/media?parent=1698"}],"wp:term":[{"taxonomy":"product_brand","embeddable":true,"href":"https:\/\/cartium.eu\/si\/wp-json\/wp\/v2\/product_brand?post=1698"},{"taxonomy":"product_cat","embeddable":true,"href":"https:\/\/cartium.eu\/si\/wp-json\/wp\/v2\/product_cat?post=1698"},{"taxonomy":"product_tag","embeddable":true,"href":"https:\/\/cartium.eu\/si\/wp-json\/wp\/v2\/product_tag?post=1698"}],"curies":[{"name":"wp","href":"https:\/\/api.w.org\/{rel}","templated":true}]}}