{"id":977,"date":"2023-07-28T13:07:40","date_gmt":"2023-07-28T11:07:40","guid":{"rendered":"https:\/\/cartium.eu\/si\/?post_type=product&#038;p=977"},"modified":"2023-09-15T12:55:31","modified_gmt":"2023-09-15T10:55:31","slug":"montessori-magnetna-igra-sortiranja-stevilk-in-barv","status":"publish","type":"product","link":"https:\/\/cartium.eu\/si\/proizvod\/montessori-magnetna-igra-sortiranja-stevilk-in-barv\/","title":{"rendered":"Montessori magnetna igra sortiranja \u0161tevilk in barv"},"content":{"rendered":"","protected":false},"excerpt":{"rendered":"<p>Labirint igra\u010dka s magneti &#8211; fenomenalna za razvoj motori\u010dnih sposobnosti, u\u010denje barv, \u0161tevilk ter vadbo natan\u010dnosti in potrpe\u017eljivosti!<\/p>\n","protected":false},"featured_media":990,"comment_status":"closed","ping_status":"closed","template":"","meta":{"inline_featured_image":false},"product_brand":[],"product_cat":[15,43],"product_tag":[],"class_list":{"0":"post-977","1":"product","2":"type-product","3":"status-publish","4":"has-post-thumbnail","6":"product_cat-uncategorized","7":"product_cat-fun","9":"first","10":"instock","11":"sale","12":"taxable","13":"shipping-taxable","14":"purchasable","15":"product-type-simple"},"acf":[],"_links":{"self":[{"href":"https:\/\/cartium.eu\/si\/wp-json\/wp\/v2\/product\/977","targetHints":{"allow":["GET"]}}],"collection":[{"href":"https:\/\/cartium.eu\/si\/wp-json\/wp\/v2\/product"}],"about":[{"href":"https:\/\/cartium.eu\/si\/wp-json\/wp\/v2\/types\/product"}],"replies":[{"embeddable":true,"href":"https:\/\/cartium.eu\/si\/wp-json\/wp\/v2\/comments?post=977"}],"wp:featuredmedia":[{"embeddable":true,"href":"https:\/\/cartium.eu\/si\/wp-json\/wp\/v2\/media\/990"}],"wp:attachment":[{"href":"https:\/\/cartium.eu\/si\/wp-json\/wp\/v2\/media?parent=977"}],"wp:term":[{"taxonomy":"product_brand","embeddable":true,"href":"https:\/\/cartium.eu\/si\/wp-json\/wp\/v2\/product_brand?post=977"},{"taxonomy":"product_cat","embeddable":true,"href":"https:\/\/cartium.eu\/si\/wp-json\/wp\/v2\/product_cat?post=977"},{"taxonomy":"product_tag","embeddable":true,"href":"https:\/\/cartium.eu\/si\/wp-json\/wp\/v2\/product_tag?post=977"}],"curies":[{"name":"wp","href":"https:\/\/api.w.org\/{rel}","templated":true}]}}