{"id":104,"date":"2020-10-28T10:57:46","date_gmt":"2020-10-28T10:57:46","guid":{"rendered":"https:\/\/shopium.eu\/rs\/?page_id=104"},"modified":"2021-01-08T16:50:44","modified_gmt":"2021-01-08T15:50:44","slug":"o-nas","status":"publish","type":"page","link":"https:\/\/cartium.eu\/sk\/o-nas\/","title":{"rendered":"O n\u00e1s"},"content":{"rendered":"<p><strong>Na\u0161e rozm\u00fd\u0161\u013eanie cez prizmu ZNA\u010cKY &#8211; kto sme a pre\u010do existujeme tak\u00fd dlh\u00fd \u010das?<\/strong><\/p>\n<p>V dne\u0161nom upon\u00e1h\u013eanom \u017eivotnom \u0161t\u00fdle je ka\u017ed\u00e9 podnikanie zalo\u017een\u00e9 na z\u00edskan\u00ed \u010do najv\u00e4\u010d\u0161ieho zisku. Aj to sa v\u0161ak prekon\u00e1va v s\u00falade s ka\u017edodenn\u00fdmi zmenami vo svete a\u00a0 iba zisk ako dosiahnutie cie\u013ea len jednej strany jednoducho viac nesta\u010d\u00ed.<br \/>\nNiekedy je najlep\u0161ie pozera\u0165 sa na veci z in\u00e9ho uhla poh\u013eadu, \u010dasto aj re\u00e1lnej\u0161ie, aby sme videli, \u010do je skuto\u010dne potrebn\u00e9, aby sme zvl\u00e1dli o\u00a0stupienok vy\u0161\u0161ie.<br \/>\nV\u00a0s\u00falade s t\u00fdm sme e\u0161te v roku 2018 za\u010dali s\u00a0anketovan\u00edm \u013eud\u00ed s prim\u00e1rnym cie\u013eom, aby sme zistili, \u010do je to, \u010do \u013eudia skuto\u010dne potrebuj\u00fa v\u00a0ich ka\u017edodennom \u017eivote a pod\u013ea toho sme upravili aj n\u00e1\u0161 obchodn\u00fd model.<\/p>\n<p>&nbsp;<\/p>\n<p><strong>N\u00e1\u0161 cie\u013e:<\/strong><br \/>\nSvetov\u00fd internetov\u00fd trh je zaplaven\u00fd nekone\u010dn\u00fdm mno\u017estvom produktov, ktor\u00e9 s\u00fa pon\u00fakan\u00e9 zo v\u0161etk\u00fdch str\u00e1n a u\u017e len ich objedn\u00e1vanie predstavuje ve\u013ek\u00fd probl\u00e9m a komplik\u00e1ciu, v\u00a0d\u00f4sledku \u010doho maj\u00fa \u013eudia v\u00fdhrady vo\u010di tak\u00fdm veciam.<br \/>\nJe \u0165a\u017ek\u00e9 rozl\u00ed\u0161i\u0165, ktor\u00fd internetov\u00fd obchod m\u00e1 dobre vyvinut\u00fd obchodn\u00fd model a organiz\u00e1ciu na vysokej \u00farovni, kde je prioritou z\u00e1kazn\u00edk a bezpe\u010dn\u00e9 nakupovanie!<br \/>\nToto v\u0161etko by nemali by\u0165 d\u00f4vody, pre\u010do by sme si nemali vedie\u0165 vychutn\u00e1va\u0165 kuriozity, ktor\u00e9 m\u00e1me k dispoz\u00edcii iba prostredn\u00edctvom internetu a preto sme tu, lebo v\u00e1m sl\u00fa\u017eime ako filter a bezpe\u010dn\u00e1 vo\u013eba pre zvedav\u00fdch \u013eud\u00ed, ak\u00fdmi sme aj my.<br \/>\nV s\u00falade so svetov\u00fdm internetov\u00fdm trhom, ktor\u00fd neust\u00e1le monitorujeme, sna\u017e\u00edme sa na jednom mieste zhroma\u017edi\u0165 v\u0161etky najlep\u0161ie a najpotrebnej\u0161ie trendov\u00e9 produkty, ktor\u00e9 V\u00e1s urobia \u0161\u0165astnej\u0161\u00edmi a u\u013eah\u010dia V\u00e1m ka\u017edodenn\u00fd \u017eivot.<br \/>\nJedn\u00fdm z parametrov, ktor\u00fd sa po\u010das n\u00e1\u0161ho prieskumu uk\u00e1zal ako prim\u00e1rne d\u00f4le\u017eit\u00fd, je r\u00fdchle dodanie, tak\u017ee v s\u00falade s t\u00fdm uchov\u00e1vame v\u0161etky produkty, ktor\u00e9 m\u00e1me vystaven\u00e9 na internetovej str\u00e1nke, v skuto\u010dn\u00fdch z\u00e1sob\u00e1ch v na\u0161ich skladoch v Eur\u00f3pe, aby boli k\u00a0dispoz\u00edcii teraz a ihne\u010f!<br \/>\nNajd\u00f4le\u017eitej\u0161ou \u010das\u0165ou je ur\u010dite kvalita produktu, a preto starostlivo testujeme a kontrolujeme v\u0161etky funk\u010dnosti ka\u017ed\u00e9ho jednotliv\u00e9ho produktu pred jeho uveden\u00edm na trhu, aby sme sa ubezpe\u010dili, \u017ee produkt skuto\u010dne zodpoved\u00e1 uveden\u00fdm \u0161tandardom kvality.<\/p>\n<p><strong>Na\u0161e heslo:<\/strong><br \/>\nSkautujeme trh pre V\u00e1s a produkty, ktor\u00e9 m\u00e1te radi Vy &#8211; bez V\u00e1\u0161ho rizika!<\/p>\n","protected":false},"excerpt":{"rendered":"<p>Na\u0161e rozm\u00fd\u0161\u013eanie cez prizmu ZNA\u010cKY &#8211; kto sme a pre\u010do existujeme tak\u00fd dlh\u00fd \u010das? V dne\u0161nom upon\u00e1h\u013eanom \u017eivotnom \u0161t\u00fdle je ka\u017ed\u00e9 podnikanie zalo\u017een\u00e9 na z\u00edskan\u00ed \u010do najv\u00e4\u010d\u0161ieho zisku. Aj to sa v\u0161ak prekon\u00e1va v s\u00falade s ka\u017edodenn\u00fdmi zmenami vo svete a\u00a0 iba zisk ako dosiahnutie cie\u013ea len jednej strany jednoducho viac nesta\u010d\u00ed. Niekedy je najlep\u0161ie &hellip; <a href=\"https:\/\/cartium.eu\/sk\/o-nas\/\">Continued<\/a><\/p>\n","protected":false},"author":1,"featured_media":0,"parent":0,"menu_order":0,"comment_status":"closed","ping_status":"closed","template":"","meta":{"inline_featured_image":false,"footnotes":""},"class_list":["post-104","page","type-page","status-publish","hentry"],"acf":[],"_links":{"self":[{"href":"https:\/\/cartium.eu\/sk\/wp-json\/wp\/v2\/pages\/104","targetHints":{"allow":["GET"]}}],"collection":[{"href":"https:\/\/cartium.eu\/sk\/wp-json\/wp\/v2\/pages"}],"about":[{"href":"https:\/\/cartium.eu\/sk\/wp-json\/wp\/v2\/types\/page"}],"author":[{"embeddable":true,"href":"https:\/\/cartium.eu\/sk\/wp-json\/wp\/v2\/users\/1"}],"replies":[{"embeddable":true,"href":"https:\/\/cartium.eu\/sk\/wp-json\/wp\/v2\/comments?post=104"}],"version-history":[{"count":4,"href":"https:\/\/cartium.eu\/sk\/wp-json\/wp\/v2\/pages\/104\/revisions"}],"predecessor-version":[{"id":756,"href":"https:\/\/cartium.eu\/sk\/wp-json\/wp\/v2\/pages\/104\/revisions\/756"}],"wp:attachment":[{"href":"https:\/\/cartium.eu\/sk\/wp-json\/wp\/v2\/media?parent=104"}],"curies":[{"name":"wp","href":"https:\/\/api.w.org\/{rel}","templated":true}]}}