{"id":10434,"date":"2023-07-11T14:44:20","date_gmt":"2023-07-11T12:44:20","guid":{"rendered":"https:\/\/cartium.eu\/sk\/?post_type=product&#038;p=10434"},"modified":"2023-07-25T10:30:31","modified_gmt":"2023-07-25T08:30:31","slug":"mydlo-na-stmavnutie-sedivych-vlasov-2","status":"publish","type":"product","link":"https:\/\/cartium.eu\/sk\/produkt\/mydlo-na-stmavnutie-sedivych-vlasov-2\/","title":{"rendered":"Mydlo na stmavnutie \u0161ediv\u00fdch vlasov"},"content":{"rendered":"","protected":false},"excerpt":{"rendered":"<p>Postupne sa zbavte \u0161ed\u00edn s t\u00fdmto \u00fa\u010dinn\u00fdm mydlom. Jednoduch\u00e9 a \u013eahk\u00e9 &#8211; ako \u0161amp\u00f3novanie!<\/p>\n","protected":false},"featured_media":10446,"comment_status":"closed","ping_status":"closed","template":"","meta":{"inline_featured_image":false},"product_brand":[],"product_cat":[15,28,26],"product_tag":[],"class_list":{"0":"post-10434","1":"product","2":"type-product","3":"status-publish","4":"has-post-thumbnail","6":"product_cat-uncategorized","7":"product_cat-beauty","8":"product_cat-health","10":"first","11":"instock","12":"sale","13":"taxable","14":"shipping-taxable","15":"purchasable","16":"product-type-simple"},"acf":[],"_links":{"self":[{"href":"https:\/\/cartium.eu\/sk\/wp-json\/wp\/v2\/product\/10434","targetHints":{"allow":["GET"]}}],"collection":[{"href":"https:\/\/cartium.eu\/sk\/wp-json\/wp\/v2\/product"}],"about":[{"href":"https:\/\/cartium.eu\/sk\/wp-json\/wp\/v2\/types\/product"}],"replies":[{"embeddable":true,"href":"https:\/\/cartium.eu\/sk\/wp-json\/wp\/v2\/comments?post=10434"}],"wp:featuredmedia":[{"embeddable":true,"href":"https:\/\/cartium.eu\/sk\/wp-json\/wp\/v2\/media\/10446"}],"wp:attachment":[{"href":"https:\/\/cartium.eu\/sk\/wp-json\/wp\/v2\/media?parent=10434"}],"wp:term":[{"taxonomy":"product_brand","embeddable":true,"href":"https:\/\/cartium.eu\/sk\/wp-json\/wp\/v2\/product_brand?post=10434"},{"taxonomy":"product_cat","embeddable":true,"href":"https:\/\/cartium.eu\/sk\/wp-json\/wp\/v2\/product_cat?post=10434"},{"taxonomy":"product_tag","embeddable":true,"href":"https:\/\/cartium.eu\/sk\/wp-json\/wp\/v2\/product_tag?post=10434"}],"curies":[{"name":"wp","href":"https:\/\/api.w.org\/{rel}","templated":true}]}}