{"id":10540,"date":"2023-07-14T09:30:35","date_gmt":"2023-07-14T07:30:35","guid":{"rendered":"https:\/\/cartium.eu\/sk\/?post_type=product&#038;p=10540"},"modified":"2023-07-15T09:21:05","modified_gmt":"2023-07-15T07:21:05","slug":"univerzalne-polarizacne-okuliare","status":"publish","type":"product","link":"https:\/\/cartium.eu\/sk\/produkt\/univerzalne-polarizacne-okuliare\/","title":{"rendered":"Univerz\u00e1lne polariza\u010dn\u00e9 okuliare"},"content":{"rendered":"","protected":false},"excerpt":{"rendered":"<p>Multifunk\u010dn\u00e9 polariza\u010dn\u00e9 slne\u010dn\u00e9 okuliare s\u00fa ide\u00e1lne pre \u017eeny aj mu\u017eov s r\u00f4znymi tvarmi tv\u00e1re. S\u00fa ide\u00e1lne na \u0161of\u00e9rovanie, ryb\u00e1r\u010denie, dlh\u00e9 outdoorov\u00e9 aktivity.<\/p>\n","protected":false},"featured_media":10547,"comment_status":"closed","ping_status":"closed","template":"","meta":{"inline_featured_image":false},"product_brand":[],"product_cat":[15],"product_tag":[],"class_list":{"0":"post-10540","1":"product","2":"type-product","3":"status-publish","4":"has-post-thumbnail","6":"product_cat-uncategorized","8":"first","9":"instock","10":"sale","11":"taxable","12":"shipping-taxable","13":"purchasable","14":"product-type-simple"},"acf":[],"_links":{"self":[{"href":"https:\/\/cartium.eu\/sk\/wp-json\/wp\/v2\/product\/10540","targetHints":{"allow":["GET"]}}],"collection":[{"href":"https:\/\/cartium.eu\/sk\/wp-json\/wp\/v2\/product"}],"about":[{"href":"https:\/\/cartium.eu\/sk\/wp-json\/wp\/v2\/types\/product"}],"replies":[{"embeddable":true,"href":"https:\/\/cartium.eu\/sk\/wp-json\/wp\/v2\/comments?post=10540"}],"wp:featuredmedia":[{"embeddable":true,"href":"https:\/\/cartium.eu\/sk\/wp-json\/wp\/v2\/media\/10547"}],"wp:attachment":[{"href":"https:\/\/cartium.eu\/sk\/wp-json\/wp\/v2\/media?parent=10540"}],"wp:term":[{"taxonomy":"product_brand","embeddable":true,"href":"https:\/\/cartium.eu\/sk\/wp-json\/wp\/v2\/product_brand?post=10540"},{"taxonomy":"product_cat","embeddable":true,"href":"https:\/\/cartium.eu\/sk\/wp-json\/wp\/v2\/product_cat?post=10540"},{"taxonomy":"product_tag","embeddable":true,"href":"https:\/\/cartium.eu\/sk\/wp-json\/wp\/v2\/product_tag?post=10540"}],"curies":[{"name":"wp","href":"https:\/\/api.w.org\/{rel}","templated":true}]}}