{"id":10789,"date":"2023-07-23T09:44:16","date_gmt":"2023-07-23T07:44:16","guid":{"rendered":"https:\/\/cartium.eu\/sk\/?post_type=product&#038;p=10789"},"modified":"2023-07-24T12:49:29","modified_gmt":"2023-07-24T10:49:29","slug":"drevene-koralky-pre-deti","status":"publish","type":"product","link":"https:\/\/cartium.eu\/sk\/produkt\/drevene-koralky-pre-deti\/","title":{"rendered":"Dreven\u00e9 kor\u00e1lky pre deti"},"content":{"rendered":"","protected":false},"excerpt":{"rendered":"<p>Kor\u00e1lky vyroben\u00e9 z pr\u00edrodn\u00e9ho dreva a netoxick\u00fdch farieb s\u00fa montessori vzdel\u00e1vacou spolo\u010denskou hrou o zladen\u00ed farieb. Je ide\u00e1lny pre rozvoj jemnej motoriky a koordin\u00e1cie pohybov r\u00fak a o\u010d\u00ed u va\u0161ich najmen\u0161\u00edch.<\/p>\n","protected":false},"featured_media":10790,"comment_status":"closed","ping_status":"closed","template":"","meta":{"inline_featured_image":false},"product_brand":[],"product_cat":[15],"product_tag":[],"class_list":{"0":"post-10789","1":"product","2":"type-product","3":"status-publish","4":"has-post-thumbnail","6":"product_cat-uncategorized","8":"first","9":"instock","10":"sale","11":"taxable","12":"shipping-taxable","13":"purchasable","14":"product-type-simple"},"acf":[],"_links":{"self":[{"href":"https:\/\/cartium.eu\/sk\/wp-json\/wp\/v2\/product\/10789","targetHints":{"allow":["GET"]}}],"collection":[{"href":"https:\/\/cartium.eu\/sk\/wp-json\/wp\/v2\/product"}],"about":[{"href":"https:\/\/cartium.eu\/sk\/wp-json\/wp\/v2\/types\/product"}],"replies":[{"embeddable":true,"href":"https:\/\/cartium.eu\/sk\/wp-json\/wp\/v2\/comments?post=10789"}],"wp:featuredmedia":[{"embeddable":true,"href":"https:\/\/cartium.eu\/sk\/wp-json\/wp\/v2\/media\/10790"}],"wp:attachment":[{"href":"https:\/\/cartium.eu\/sk\/wp-json\/wp\/v2\/media?parent=10789"}],"wp:term":[{"taxonomy":"product_brand","embeddable":true,"href":"https:\/\/cartium.eu\/sk\/wp-json\/wp\/v2\/product_brand?post=10789"},{"taxonomy":"product_cat","embeddable":true,"href":"https:\/\/cartium.eu\/sk\/wp-json\/wp\/v2\/product_cat?post=10789"},{"taxonomy":"product_tag","embeddable":true,"href":"https:\/\/cartium.eu\/sk\/wp-json\/wp\/v2\/product_tag?post=10789"}],"curies":[{"name":"wp","href":"https:\/\/api.w.org\/{rel}","templated":true}]}}