{"id":10797,"date":"2023-07-23T10:09:51","date_gmt":"2023-07-23T08:09:51","guid":{"rendered":"https:\/\/cartium.eu\/sk\/?post_type=product&#038;p=10797"},"modified":"2023-07-24T12:49:21","modified_gmt":"2023-07-24T10:49:21","slug":"modne-bluetooth-smart-hodinky","status":"publish","type":"product","link":"https:\/\/cartium.eu\/sk\/produkt\/modne-bluetooth-smart-hodinky\/","title":{"rendered":"M\u00f3dne bluetooth smart hodinky"},"content":{"rendered":"","protected":false},"excerpt":{"rendered":"<p>Tieto modern\u00e9 inteligentn\u00e9 hodinky pre zdrav\u00fd \u017eivot maj\u00fa ve\u013ek\u00fa obrazovku s vysok\u00fdm rozl\u00ed\u0161en\u00edm, ktor\u00e1 v\u00e1m umo\u017en\u00ed presne sledova\u0165 hladinu kysl\u00edka v krvi, hodnotu gluk\u00f3zy v krvi, srdcov\u00fd tep, krvn\u00fd tlak, telesn\u00fa teplotu, \u010das sp\u00e1nku, +50 \u0161portov\u00fdch aktiv\u00edt&#8230;<\/p>\n","protected":false},"featured_media":10799,"comment_status":"closed","ping_status":"closed","template":"","meta":{"inline_featured_image":false},"product_brand":[],"product_cat":[15],"product_tag":[],"class_list":{"0":"post-10797","1":"product","2":"type-product","3":"status-publish","4":"has-post-thumbnail","6":"product_cat-uncategorized","8":"first","9":"instock","10":"sale","11":"taxable","12":"shipping-taxable","13":"purchasable","14":"product-type-simple"},"acf":[],"_links":{"self":[{"href":"https:\/\/cartium.eu\/sk\/wp-json\/wp\/v2\/product\/10797","targetHints":{"allow":["GET"]}}],"collection":[{"href":"https:\/\/cartium.eu\/sk\/wp-json\/wp\/v2\/product"}],"about":[{"href":"https:\/\/cartium.eu\/sk\/wp-json\/wp\/v2\/types\/product"}],"replies":[{"embeddable":true,"href":"https:\/\/cartium.eu\/sk\/wp-json\/wp\/v2\/comments?post=10797"}],"wp:featuredmedia":[{"embeddable":true,"href":"https:\/\/cartium.eu\/sk\/wp-json\/wp\/v2\/media\/10799"}],"wp:attachment":[{"href":"https:\/\/cartium.eu\/sk\/wp-json\/wp\/v2\/media?parent=10797"}],"wp:term":[{"taxonomy":"product_brand","embeddable":true,"href":"https:\/\/cartium.eu\/sk\/wp-json\/wp\/v2\/product_brand?post=10797"},{"taxonomy":"product_cat","embeddable":true,"href":"https:\/\/cartium.eu\/sk\/wp-json\/wp\/v2\/product_cat?post=10797"},{"taxonomy":"product_tag","embeddable":true,"href":"https:\/\/cartium.eu\/sk\/wp-json\/wp\/v2\/product_tag?post=10797"}],"curies":[{"name":"wp","href":"https:\/\/api.w.org\/{rel}","templated":true}]}}