{"id":11567,"date":"2023-08-16T12:50:57","date_gmt":"2023-08-16T10:50:57","guid":{"rendered":"https:\/\/cartium.eu\/sk\/?post_type=product&#038;p=11567"},"modified":"2023-08-16T13:09:28","modified_gmt":"2023-08-16T11:09:28","slug":"detska-kreativna-prenosna-suprava","status":"publish","type":"product","link":"https:\/\/cartium.eu\/sk\/produkt\/detska-kreativna-prenosna-suprava\/","title":{"rendered":"Detsk\u00e1 kreat\u00edvna prenosn\u00e1 s\u00faprava"},"content":{"rendered":"","protected":false},"excerpt":{"rendered":"<p>Deti si t\u00fato kreat\u00edvnu sadu zamiluj\u00fa na prv\u00fd poh\u013ead. Ide\u00e1lny dar\u010dek pre va\u0161u ratoles\u0165, \u010di u\u017e zaobstar\u00e1te sadu dinosaurov alebo mot\u00edvy do kuchyne jednotlivo, deti si hru u\u017eij\u00fa.<\/p>\n","protected":false},"featured_media":11577,"comment_status":"closed","ping_status":"closed","template":"","meta":{"inline_featured_image":false},"product_brand":[],"product_cat":[15],"product_tag":[],"class_list":{"0":"post-11567","1":"product","2":"type-product","3":"status-publish","4":"has-post-thumbnail","6":"product_cat-uncategorized","8":"first","9":"instock","10":"sale","11":"taxable","12":"shipping-taxable","13":"purchasable","14":"product-type-variable"},"acf":[],"_links":{"self":[{"href":"https:\/\/cartium.eu\/sk\/wp-json\/wp\/v2\/product\/11567","targetHints":{"allow":["GET"]}}],"collection":[{"href":"https:\/\/cartium.eu\/sk\/wp-json\/wp\/v2\/product"}],"about":[{"href":"https:\/\/cartium.eu\/sk\/wp-json\/wp\/v2\/types\/product"}],"replies":[{"embeddable":true,"href":"https:\/\/cartium.eu\/sk\/wp-json\/wp\/v2\/comments?post=11567"}],"wp:featuredmedia":[{"embeddable":true,"href":"https:\/\/cartium.eu\/sk\/wp-json\/wp\/v2\/media\/11577"}],"wp:attachment":[{"href":"https:\/\/cartium.eu\/sk\/wp-json\/wp\/v2\/media?parent=11567"}],"wp:term":[{"taxonomy":"product_brand","embeddable":true,"href":"https:\/\/cartium.eu\/sk\/wp-json\/wp\/v2\/product_brand?post=11567"},{"taxonomy":"product_cat","embeddable":true,"href":"https:\/\/cartium.eu\/sk\/wp-json\/wp\/v2\/product_cat?post=11567"},{"taxonomy":"product_tag","embeddable":true,"href":"https:\/\/cartium.eu\/sk\/wp-json\/wp\/v2\/product_tag?post=11567"}],"curies":[{"name":"wp","href":"https:\/\/api.w.org\/{rel}","templated":true}]}}