{"id":11608,"date":"2023-08-17T11:13:47","date_gmt":"2023-08-17T09:13:47","guid":{"rendered":"https:\/\/cartium.eu\/sk\/?post_type=product&#038;p=11608"},"modified":"2023-08-17T11:21:56","modified_gmt":"2023-08-17T09:21:56","slug":"montessori-vzdelavacia-suprava","status":"publish","type":"product","link":"https:\/\/cartium.eu\/sk\/produkt\/montessori-vzdelavacia-suprava\/","title":{"rendered":"Montessori vzdel\u00e1vacia s\u00faprava"},"content":{"rendered":"","protected":false},"excerpt":{"rendered":"<p>Praktick\u00e1 a skladn\u00e1 ta\u0161ka so v\u0161etk\u00fdmi pom\u00f4ckami potrebn\u00fdmi na osvojenie si z\u00e1kladn\u00fdch \u017eivotn\u00fdch zru\u010dnost\u00ed. Nau\u010dte sa u\u017eito\u010dn\u00e9 veci po\u010das hry!<\/p>\n","protected":false},"featured_media":11621,"comment_status":"closed","ping_status":"closed","template":"","meta":{"inline_featured_image":false},"product_brand":[],"product_cat":[15],"product_tag":[],"class_list":{"0":"post-11608","1":"product","2":"type-product","3":"status-publish","4":"has-post-thumbnail","6":"product_cat-uncategorized","8":"first","9":"instock","10":"sale","11":"taxable","12":"shipping-taxable","13":"purchasable","14":"product-type-variable"},"acf":[],"_links":{"self":[{"href":"https:\/\/cartium.eu\/sk\/wp-json\/wp\/v2\/product\/11608","targetHints":{"allow":["GET"]}}],"collection":[{"href":"https:\/\/cartium.eu\/sk\/wp-json\/wp\/v2\/product"}],"about":[{"href":"https:\/\/cartium.eu\/sk\/wp-json\/wp\/v2\/types\/product"}],"replies":[{"embeddable":true,"href":"https:\/\/cartium.eu\/sk\/wp-json\/wp\/v2\/comments?post=11608"}],"wp:featuredmedia":[{"embeddable":true,"href":"https:\/\/cartium.eu\/sk\/wp-json\/wp\/v2\/media\/11621"}],"wp:attachment":[{"href":"https:\/\/cartium.eu\/sk\/wp-json\/wp\/v2\/media?parent=11608"}],"wp:term":[{"taxonomy":"product_brand","embeddable":true,"href":"https:\/\/cartium.eu\/sk\/wp-json\/wp\/v2\/product_brand?post=11608"},{"taxonomy":"product_cat","embeddable":true,"href":"https:\/\/cartium.eu\/sk\/wp-json\/wp\/v2\/product_cat?post=11608"},{"taxonomy":"product_tag","embeddable":true,"href":"https:\/\/cartium.eu\/sk\/wp-json\/wp\/v2\/product_tag?post=11608"}],"curies":[{"name":"wp","href":"https:\/\/api.w.org\/{rel}","templated":true}]}}