{"id":11626,"date":"2023-08-17T13:38:08","date_gmt":"2023-08-17T11:38:08","guid":{"rendered":"https:\/\/cartium.eu\/sk\/?post_type=product&#038;p=11626"},"modified":"2023-08-17T13:41:49","modified_gmt":"2023-08-17T11:41:49","slug":"hadanky-na-pretekarskej-drahe","status":"publish","type":"product","link":"https:\/\/cartium.eu\/sk\/produkt\/hadanky-na-pretekarskej-drahe\/","title":{"rendered":"H\u00e1danky na pretek\u00e1rskej dr\u00e1he"},"content":{"rendered":"","protected":false},"excerpt":{"rendered":"<p>Puzzle podlo\u017eky s r\u00f4znymi tvarmi dr\u00e1h s\u00fa kreat\u00edvnym a z\u00e1bavn\u00fdm sp\u00f4sobom, ako si vytvori\u0165 svoj vlastn\u00fd driving range.<\/p>\n","protected":false},"featured_media":11628,"comment_status":"closed","ping_status":"closed","template":"","meta":{"inline_featured_image":false},"product_brand":[],"product_cat":[15],"product_tag":[],"class_list":{"0":"post-11626","1":"product","2":"type-product","3":"status-publish","4":"has-post-thumbnail","6":"product_cat-uncategorized","8":"first","9":"instock","10":"sale","11":"taxable","12":"shipping-taxable","13":"purchasable","14":"product-type-simple"},"acf":[],"_links":{"self":[{"href":"https:\/\/cartium.eu\/sk\/wp-json\/wp\/v2\/product\/11626","targetHints":{"allow":["GET"]}}],"collection":[{"href":"https:\/\/cartium.eu\/sk\/wp-json\/wp\/v2\/product"}],"about":[{"href":"https:\/\/cartium.eu\/sk\/wp-json\/wp\/v2\/types\/product"}],"replies":[{"embeddable":true,"href":"https:\/\/cartium.eu\/sk\/wp-json\/wp\/v2\/comments?post=11626"}],"wp:featuredmedia":[{"embeddable":true,"href":"https:\/\/cartium.eu\/sk\/wp-json\/wp\/v2\/media\/11628"}],"wp:attachment":[{"href":"https:\/\/cartium.eu\/sk\/wp-json\/wp\/v2\/media?parent=11626"}],"wp:term":[{"taxonomy":"product_brand","embeddable":true,"href":"https:\/\/cartium.eu\/sk\/wp-json\/wp\/v2\/product_brand?post=11626"},{"taxonomy":"product_cat","embeddable":true,"href":"https:\/\/cartium.eu\/sk\/wp-json\/wp\/v2\/product_cat?post=11626"},{"taxonomy":"product_tag","embeddable":true,"href":"https:\/\/cartium.eu\/sk\/wp-json\/wp\/v2\/product_tag?post=11626"}],"curies":[{"name":"wp","href":"https:\/\/api.w.org\/{rel}","templated":true}]}}