{"id":12988,"date":"2023-11-02T13:45:14","date_gmt":"2023-11-02T12:45:14","guid":{"rendered":"https:\/\/cartium.eu\/sk\/?post_type=product&#038;p=12988"},"modified":"2023-11-04T14:08:16","modified_gmt":"2023-11-04T13:08:16","slug":"nastavitelny-pas-pre-spravne-drzanie-tela","status":"publish","type":"product","link":"https:\/\/cartium.eu\/sk\/produkt\/nastavitelny-pas-pre-spravne-drzanie-tela\/","title":{"rendered":"Nastavite\u013en\u00fd p\u00e1s pre spr\u00e1vne dr\u017eanie tela"},"content":{"rendered":"","protected":false},"excerpt":{"rendered":"<p>P\u00e1s pre spr\u00e1vne dr\u017eanie tela vyrie\u0161i r\u00f4zne probl\u00e9my s chrbtom, krkom a ramenami. Zlep\u0161\u00edte si dr\u017eanie tela a u\u013eah\u010d\u00edte si ka\u017edodenn\u00fd \u017eivot!<\/p>\n","protected":false},"featured_media":12992,"comment_status":"closed","ping_status":"closed","template":"","meta":{"inline_featured_image":false},"product_brand":[],"product_cat":[15],"product_tag":[],"class_list":{"0":"post-12988","1":"product","2":"type-product","3":"status-publish","4":"has-post-thumbnail","6":"product_cat-uncategorized","8":"first","9":"instock","10":"sale","11":"taxable","12":"shipping-taxable","13":"purchasable","14":"product-type-simple"},"acf":[],"_links":{"self":[{"href":"https:\/\/cartium.eu\/sk\/wp-json\/wp\/v2\/product\/12988","targetHints":{"allow":["GET"]}}],"collection":[{"href":"https:\/\/cartium.eu\/sk\/wp-json\/wp\/v2\/product"}],"about":[{"href":"https:\/\/cartium.eu\/sk\/wp-json\/wp\/v2\/types\/product"}],"replies":[{"embeddable":true,"href":"https:\/\/cartium.eu\/sk\/wp-json\/wp\/v2\/comments?post=12988"}],"wp:featuredmedia":[{"embeddable":true,"href":"https:\/\/cartium.eu\/sk\/wp-json\/wp\/v2\/media\/12992"}],"wp:attachment":[{"href":"https:\/\/cartium.eu\/sk\/wp-json\/wp\/v2\/media?parent=12988"}],"wp:term":[{"taxonomy":"product_brand","embeddable":true,"href":"https:\/\/cartium.eu\/sk\/wp-json\/wp\/v2\/product_brand?post=12988"},{"taxonomy":"product_cat","embeddable":true,"href":"https:\/\/cartium.eu\/sk\/wp-json\/wp\/v2\/product_cat?post=12988"},{"taxonomy":"product_tag","embeddable":true,"href":"https:\/\/cartium.eu\/sk\/wp-json\/wp\/v2\/product_tag?post=12988"}],"curies":[{"name":"wp","href":"https:\/\/api.w.org\/{rel}","templated":true}]}}