{"id":12995,"date":"2023-11-02T14:08:51","date_gmt":"2023-11-02T13:08:51","guid":{"rendered":"https:\/\/cartium.eu\/sk\/?post_type=product&#038;p=12995"},"modified":"2023-11-04T14:08:29","modified_gmt":"2023-11-04T13:08:29","slug":"suprava-na-vyrobu-sperkov-z-hlinenych-koralok","status":"publish","type":"product","link":"https:\/\/cartium.eu\/sk\/produkt\/suprava-na-vyrobu-sperkov-z-hlinenych-koralok\/","title":{"rendered":"S\u00faprava na v\u00fdrobu \u0161perkov z hlinen\u00fdch kor\u00e1lok"},"content":{"rendered":"","protected":false},"excerpt":{"rendered":"<p>Vyjadrite svoju kreativitu a \u0161t\u00fdl s touto fantastickou sadou! Vyrobte si n\u00e1ramky, n\u00e1hrdeln\u00edky, n\u00e1u\u0161nice alebo pr\u00edvesky.<\/p>\n","protected":false},"featured_media":13002,"comment_status":"closed","ping_status":"closed","template":"","meta":{"inline_featured_image":false},"product_brand":[],"product_cat":[15],"product_tag":[],"class_list":{"0":"post-12995","1":"product","2":"type-product","3":"status-publish","4":"has-post-thumbnail","6":"product_cat-uncategorized","8":"first","9":"instock","10":"sale","11":"taxable","12":"shipping-taxable","13":"purchasable","14":"product-type-simple"},"acf":[],"_links":{"self":[{"href":"https:\/\/cartium.eu\/sk\/wp-json\/wp\/v2\/product\/12995","targetHints":{"allow":["GET"]}}],"collection":[{"href":"https:\/\/cartium.eu\/sk\/wp-json\/wp\/v2\/product"}],"about":[{"href":"https:\/\/cartium.eu\/sk\/wp-json\/wp\/v2\/types\/product"}],"replies":[{"embeddable":true,"href":"https:\/\/cartium.eu\/sk\/wp-json\/wp\/v2\/comments?post=12995"}],"wp:featuredmedia":[{"embeddable":true,"href":"https:\/\/cartium.eu\/sk\/wp-json\/wp\/v2\/media\/13002"}],"wp:attachment":[{"href":"https:\/\/cartium.eu\/sk\/wp-json\/wp\/v2\/media?parent=12995"}],"wp:term":[{"taxonomy":"product_brand","embeddable":true,"href":"https:\/\/cartium.eu\/sk\/wp-json\/wp\/v2\/product_brand?post=12995"},{"taxonomy":"product_cat","embeddable":true,"href":"https:\/\/cartium.eu\/sk\/wp-json\/wp\/v2\/product_cat?post=12995"},{"taxonomy":"product_tag","embeddable":true,"href":"https:\/\/cartium.eu\/sk\/wp-json\/wp\/v2\/product_tag?post=12995"}],"curies":[{"name":"wp","href":"https:\/\/api.w.org\/{rel}","templated":true}]}}