{"id":13727,"date":"2023-12-05T08:35:44","date_gmt":"2023-12-05T07:35:44","guid":{"rendered":"https:\/\/cartium.eu\/sk\/?post_type=product&#038;p=13727"},"modified":"2023-12-05T11:20:12","modified_gmt":"2023-12-05T10:20:12","slug":"11-zdarma-ramy-na-detske-prace","status":"publish","type":"product","link":"https:\/\/cartium.eu\/sk\/produkt\/11-zdarma-ramy-na-detske-prace\/","title":{"rendered":"1+1 ZDARMA-R\u00e1my na detsk\u00e9 pr\u00e1ce"},"content":{"rendered":"","protected":false},"excerpt":{"rendered":"<p>Ulo\u017ete si pr\u00e1ce, diplomy alebo fotografie svojich det\u00ed a hrdo ich vystavte na stenu alebo n\u00e1bytok. Mal\u00ed umelci bud\u00fa pote\u0161en\u00ed!<\/p>\n","protected":false},"featured_media":11490,"comment_status":"closed","ping_status":"closed","template":"","meta":{"inline_featured_image":false},"product_brand":[],"product_cat":[15,35],"product_tag":[],"class_list":{"0":"post-13727","1":"product","2":"type-product","3":"status-publish","4":"has-post-thumbnail","6":"product_cat-uncategorized","7":"product_cat-fun","9":"first","10":"instock","11":"sale","12":"taxable","13":"shipping-taxable","14":"purchasable","15":"product-type-simple"},"acf":[],"_links":{"self":[{"href":"https:\/\/cartium.eu\/sk\/wp-json\/wp\/v2\/product\/13727","targetHints":{"allow":["GET"]}}],"collection":[{"href":"https:\/\/cartium.eu\/sk\/wp-json\/wp\/v2\/product"}],"about":[{"href":"https:\/\/cartium.eu\/sk\/wp-json\/wp\/v2\/types\/product"}],"replies":[{"embeddable":true,"href":"https:\/\/cartium.eu\/sk\/wp-json\/wp\/v2\/comments?post=13727"}],"wp:featuredmedia":[{"embeddable":true,"href":"https:\/\/cartium.eu\/sk\/wp-json\/wp\/v2\/media\/11490"}],"wp:attachment":[{"href":"https:\/\/cartium.eu\/sk\/wp-json\/wp\/v2\/media?parent=13727"}],"wp:term":[{"taxonomy":"product_brand","embeddable":true,"href":"https:\/\/cartium.eu\/sk\/wp-json\/wp\/v2\/product_brand?post=13727"},{"taxonomy":"product_cat","embeddable":true,"href":"https:\/\/cartium.eu\/sk\/wp-json\/wp\/v2\/product_cat?post=13727"},{"taxonomy":"product_tag","embeddable":true,"href":"https:\/\/cartium.eu\/sk\/wp-json\/wp\/v2\/product_tag?post=13727"}],"curies":[{"name":"wp","href":"https:\/\/api.w.org\/{rel}","templated":true}]}}