{"id":14362,"date":"2024-02-12T08:35:30","date_gmt":"2024-02-12T07:35:30","guid":{"rendered":"https:\/\/cartium.eu\/sk\/?post_type=product&#038;p=14362"},"modified":"2024-02-12T09:25:55","modified_gmt":"2024-02-12T08:25:55","slug":"magneticka-kniha-na-aranzovanie-babik","status":"publish","type":"product","link":"https:\/\/cartium.eu\/sk\/produkt\/magneticka-kniha-na-aranzovanie-babik\/","title":{"rendered":"Magnetick\u00e1 kniha na aran\u017eovanie b\u00e1bik"},"content":{"rendered":"","protected":false},"excerpt":{"rendered":"<p>Ide\u00e1lny dar\u010dek pre diev\u010dat\u00e1! Zostavovanie odevov a m\u00f3dnych kombin\u00e1ci\u00ed nebolo nikdy jednoduch\u0161ie a z\u00e1bavnej\u0161ie!<\/p>\n","protected":false},"featured_media":14366,"comment_status":"closed","ping_status":"closed","template":"","meta":{"inline_featured_image":false},"product_brand":[],"product_cat":[15],"product_tag":[],"class_list":{"0":"post-14362","1":"product","2":"type-product","3":"status-publish","4":"has-post-thumbnail","6":"product_cat-uncategorized","8":"first","9":"instock","10":"sale","11":"taxable","12":"shipping-taxable","13":"purchasable","14":"product-type-simple"},"acf":[],"_links":{"self":[{"href":"https:\/\/cartium.eu\/sk\/wp-json\/wp\/v2\/product\/14362","targetHints":{"allow":["GET"]}}],"collection":[{"href":"https:\/\/cartium.eu\/sk\/wp-json\/wp\/v2\/product"}],"about":[{"href":"https:\/\/cartium.eu\/sk\/wp-json\/wp\/v2\/types\/product"}],"replies":[{"embeddable":true,"href":"https:\/\/cartium.eu\/sk\/wp-json\/wp\/v2\/comments?post=14362"}],"wp:featuredmedia":[{"embeddable":true,"href":"https:\/\/cartium.eu\/sk\/wp-json\/wp\/v2\/media\/14366"}],"wp:attachment":[{"href":"https:\/\/cartium.eu\/sk\/wp-json\/wp\/v2\/media?parent=14362"}],"wp:term":[{"taxonomy":"product_brand","embeddable":true,"href":"https:\/\/cartium.eu\/sk\/wp-json\/wp\/v2\/product_brand?post=14362"},{"taxonomy":"product_cat","embeddable":true,"href":"https:\/\/cartium.eu\/sk\/wp-json\/wp\/v2\/product_cat?post=14362"},{"taxonomy":"product_tag","embeddable":true,"href":"https:\/\/cartium.eu\/sk\/wp-json\/wp\/v2\/product_tag?post=14362"}],"curies":[{"name":"wp","href":"https:\/\/api.w.org\/{rel}","templated":true}]}}