{"id":14367,"date":"2024-02-12T09:04:49","date_gmt":"2024-02-12T08:04:49","guid":{"rendered":"https:\/\/cartium.eu\/sk\/?post_type=product&#038;p=14367"},"modified":"2024-02-13T11:35:19","modified_gmt":"2024-02-13T10:35:19","slug":"kulma-na-vytvaranie-vln","status":"publish","type":"product","link":"https:\/\/cartium.eu\/sk\/produkt\/kulma-na-vytvaranie-vln\/","title":{"rendered":"Kulma na vytv\u00e1ranie v\u013an"},"content":{"rendered":"","protected":false},"excerpt":{"rendered":"<p>Upravte si vlasy pomocou tejto \u0161ikovnej kulmy a vytvorte n\u00e1dhern\u00e9 vlny nieko\u013ek\u00fdmi jednoduch\u00fdmi \u0165ahmi!<\/p>\n","protected":false},"featured_media":14374,"comment_status":"closed","ping_status":"closed","template":"","meta":{"inline_featured_image":false},"product_brand":[],"product_cat":[15],"product_tag":[],"class_list":{"0":"post-14367","1":"product","2":"type-product","3":"status-publish","4":"has-post-thumbnail","6":"product_cat-uncategorized","8":"first","9":"instock","10":"sale","11":"taxable","12":"shipping-taxable","13":"purchasable","14":"product-type-simple"},"acf":[],"_links":{"self":[{"href":"https:\/\/cartium.eu\/sk\/wp-json\/wp\/v2\/product\/14367","targetHints":{"allow":["GET"]}}],"collection":[{"href":"https:\/\/cartium.eu\/sk\/wp-json\/wp\/v2\/product"}],"about":[{"href":"https:\/\/cartium.eu\/sk\/wp-json\/wp\/v2\/types\/product"}],"replies":[{"embeddable":true,"href":"https:\/\/cartium.eu\/sk\/wp-json\/wp\/v2\/comments?post=14367"}],"wp:featuredmedia":[{"embeddable":true,"href":"https:\/\/cartium.eu\/sk\/wp-json\/wp\/v2\/media\/14374"}],"wp:attachment":[{"href":"https:\/\/cartium.eu\/sk\/wp-json\/wp\/v2\/media?parent=14367"}],"wp:term":[{"taxonomy":"product_brand","embeddable":true,"href":"https:\/\/cartium.eu\/sk\/wp-json\/wp\/v2\/product_brand?post=14367"},{"taxonomy":"product_cat","embeddable":true,"href":"https:\/\/cartium.eu\/sk\/wp-json\/wp\/v2\/product_cat?post=14367"},{"taxonomy":"product_tag","embeddable":true,"href":"https:\/\/cartium.eu\/sk\/wp-json\/wp\/v2\/product_tag?post=14367"}],"curies":[{"name":"wp","href":"https:\/\/api.w.org\/{rel}","templated":true}]}}