{"id":14399,"date":"2024-02-14T14:52:28","date_gmt":"2024-02-14T13:52:28","guid":{"rendered":"https:\/\/cartium.eu\/sk\/?post_type=product&#038;p=14399"},"modified":"2024-02-15T10:41:28","modified_gmt":"2024-02-15T09:41:28","slug":"dlhy-kluc-s-nastavitelnou-hlavou","status":"publish","type":"product","link":"https:\/\/cartium.eu\/sk\/produkt\/dlhy-kluc-s-nastavitelnou-hlavou\/","title":{"rendered":"Dlh\u00fd k\u013e\u00fa\u010d s nastavite\u013enou hlavou"},"content":{"rendered":"","protected":false},"excerpt":{"rendered":"<p>Tento k\u013e\u00fa\u010d je dod\u00e1van\u00fd s 15 dielmi, \u010do z neho rob\u00ed mimoriadne v\u00fdkonn\u00fd a u\u017eito\u010dn\u00fd n\u00e1stroj na mnoh\u00e9 \u00fa\u010dely!<\/p>\n","protected":false},"featured_media":14408,"comment_status":"closed","ping_status":"closed","template":"","meta":{"inline_featured_image":false},"product_brand":[],"product_cat":[15],"product_tag":[],"class_list":{"0":"post-14399","1":"product","2":"type-product","3":"status-publish","4":"has-post-thumbnail","6":"product_cat-uncategorized","8":"first","9":"instock","10":"sale","11":"taxable","12":"shipping-taxable","13":"purchasable","14":"product-type-simple"},"acf":[],"_links":{"self":[{"href":"https:\/\/cartium.eu\/sk\/wp-json\/wp\/v2\/product\/14399","targetHints":{"allow":["GET"]}}],"collection":[{"href":"https:\/\/cartium.eu\/sk\/wp-json\/wp\/v2\/product"}],"about":[{"href":"https:\/\/cartium.eu\/sk\/wp-json\/wp\/v2\/types\/product"}],"replies":[{"embeddable":true,"href":"https:\/\/cartium.eu\/sk\/wp-json\/wp\/v2\/comments?post=14399"}],"wp:featuredmedia":[{"embeddable":true,"href":"https:\/\/cartium.eu\/sk\/wp-json\/wp\/v2\/media\/14408"}],"wp:attachment":[{"href":"https:\/\/cartium.eu\/sk\/wp-json\/wp\/v2\/media?parent=14399"}],"wp:term":[{"taxonomy":"product_brand","embeddable":true,"href":"https:\/\/cartium.eu\/sk\/wp-json\/wp\/v2\/product_brand?post=14399"},{"taxonomy":"product_cat","embeddable":true,"href":"https:\/\/cartium.eu\/sk\/wp-json\/wp\/v2\/product_cat?post=14399"},{"taxonomy":"product_tag","embeddable":true,"href":"https:\/\/cartium.eu\/sk\/wp-json\/wp\/v2\/product_tag?post=14399"}],"curies":[{"name":"wp","href":"https:\/\/api.w.org\/{rel}","templated":true}]}}