{"id":14424,"date":"2024-02-15T10:52:56","date_gmt":"2024-02-15T09:52:56","guid":{"rendered":"https:\/\/cartium.eu\/sk\/?post_type=product&#038;p=14424"},"modified":"2024-02-15T10:53:54","modified_gmt":"2024-02-15T09:53:54","slug":"11-zdarma-nano-sprej-proti-skrabancom-nanocoatingagent","status":"publish","type":"product","link":"https:\/\/cartium.eu\/sk\/produkt\/11-zdarma-nano-sprej-proti-skrabancom-nanocoatingagent\/","title":{"rendered":"1+1 ZDARMA Nano sprej proti \u0161krabancom &#8211; NanoCoatingAgent"},"content":{"rendered":"","protected":false},"excerpt":{"rendered":"<p>Univerz\u00e1lny a efekt\u00edvny hydrof\u00f3bny n\u00e1ter na odstr\u00e1nenie \u0161krabancov na va\u0161om aute v\u00e1m umo\u017en\u00ed ich absol\u00fatne praktick\u00e9 a \u013eahk\u00e9 odstr\u00e1nenie bez toho, aby ste chodili do autolakovne alebo karos\u00e1rne s maxim\u00e1lnym \u00fa\u010dinkom lesku a trvanlivosti.<\/p>\n","protected":false},"featured_media":13775,"comment_status":"closed","ping_status":"closed","template":"","meta":{"inline_featured_image":false},"product_brand":[],"product_cat":[15,25,24],"product_tag":[],"class_list":{"0":"post-14424","1":"product","2":"type-product","3":"status-publish","4":"has-post-thumbnail","6":"product_cat-uncategorized","7":"product_cat-car","8":"product_cat-sale","10":"first","11":"instock","12":"sale","13":"taxable","14":"shipping-taxable","15":"purchasable","16":"product-type-simple"},"acf":[],"_links":{"self":[{"href":"https:\/\/cartium.eu\/sk\/wp-json\/wp\/v2\/product\/14424","targetHints":{"allow":["GET"]}}],"collection":[{"href":"https:\/\/cartium.eu\/sk\/wp-json\/wp\/v2\/product"}],"about":[{"href":"https:\/\/cartium.eu\/sk\/wp-json\/wp\/v2\/types\/product"}],"replies":[{"embeddable":true,"href":"https:\/\/cartium.eu\/sk\/wp-json\/wp\/v2\/comments?post=14424"}],"wp:featuredmedia":[{"embeddable":true,"href":"https:\/\/cartium.eu\/sk\/wp-json\/wp\/v2\/media\/13775"}],"wp:attachment":[{"href":"https:\/\/cartium.eu\/sk\/wp-json\/wp\/v2\/media?parent=14424"}],"wp:term":[{"taxonomy":"product_brand","embeddable":true,"href":"https:\/\/cartium.eu\/sk\/wp-json\/wp\/v2\/product_brand?post=14424"},{"taxonomy":"product_cat","embeddable":true,"href":"https:\/\/cartium.eu\/sk\/wp-json\/wp\/v2\/product_cat?post=14424"},{"taxonomy":"product_tag","embeddable":true,"href":"https:\/\/cartium.eu\/sk\/wp-json\/wp\/v2\/product_tag?post=14424"}],"curies":[{"name":"wp","href":"https:\/\/api.w.org\/{rel}","templated":true}]}}