{"id":14425,"date":"2024-02-15T11:49:25","date_gmt":"2024-02-15T10:49:25","guid":{"rendered":"https:\/\/cartium.eu\/sk\/?post_type=product&#038;p=14425"},"modified":"2024-02-15T14:08:51","modified_gmt":"2024-02-15T13:08:51","slug":"nastavitelny-racnovy-kluc","status":"publish","type":"product","link":"https:\/\/cartium.eu\/sk\/produkt\/nastavitelny-racnovy-kluc\/","title":{"rendered":"Nastavite\u013en\u00fd ra\u010d\u0148ov\u00fd k\u013e\u00fa\u010d"},"content":{"rendered":"","protected":false},"excerpt":{"rendered":"<p>Vysok\u00fd kr\u00fatiaci moment a dobr\u00fd v\u00fdkon. Nastavite\u013en\u00fd n\u00e1stroj, ktor\u00fd v\u00e1m zabezpe\u010d\u00ed kvalitn\u00fa pr\u00e1cu a u\u0161etr\u00ed \u010das a energiu!<\/p>\n","protected":false},"featured_media":14432,"comment_status":"closed","ping_status":"closed","template":"","meta":{"inline_featured_image":false},"product_brand":[],"product_cat":[15],"product_tag":[],"class_list":{"0":"post-14425","1":"product","2":"type-product","3":"status-publish","4":"has-post-thumbnail","6":"product_cat-uncategorized","8":"first","9":"instock","10":"sale","11":"taxable","12":"shipping-taxable","13":"purchasable","14":"product-type-simple"},"acf":[],"_links":{"self":[{"href":"https:\/\/cartium.eu\/sk\/wp-json\/wp\/v2\/product\/14425","targetHints":{"allow":["GET"]}}],"collection":[{"href":"https:\/\/cartium.eu\/sk\/wp-json\/wp\/v2\/product"}],"about":[{"href":"https:\/\/cartium.eu\/sk\/wp-json\/wp\/v2\/types\/product"}],"replies":[{"embeddable":true,"href":"https:\/\/cartium.eu\/sk\/wp-json\/wp\/v2\/comments?post=14425"}],"wp:featuredmedia":[{"embeddable":true,"href":"https:\/\/cartium.eu\/sk\/wp-json\/wp\/v2\/media\/14432"}],"wp:attachment":[{"href":"https:\/\/cartium.eu\/sk\/wp-json\/wp\/v2\/media?parent=14425"}],"wp:term":[{"taxonomy":"product_brand","embeddable":true,"href":"https:\/\/cartium.eu\/sk\/wp-json\/wp\/v2\/product_brand?post=14425"},{"taxonomy":"product_cat","embeddable":true,"href":"https:\/\/cartium.eu\/sk\/wp-json\/wp\/v2\/product_cat?post=14425"},{"taxonomy":"product_tag","embeddable":true,"href":"https:\/\/cartium.eu\/sk\/wp-json\/wp\/v2\/product_tag?post=14425"}],"curies":[{"name":"wp","href":"https:\/\/api.w.org\/{rel}","templated":true}]}}