{"id":14434,"date":"2024-02-15T12:53:10","date_gmt":"2024-02-15T11:53:10","guid":{"rendered":"https:\/\/cartium.eu\/sk\/?post_type=product&#038;p=14434"},"modified":"2024-02-15T14:08:01","modified_gmt":"2024-02-15T13:08:01","slug":"nastavitelna-pila-na-konare","status":"publish","type":"product","link":"https:\/\/cartium.eu\/sk\/produkt\/nastavitelna-pila-na-konare\/","title":{"rendered":"Nastavite\u013en\u00e1 p\u00edla na kon\u00e1re"},"content":{"rendered":"","protected":false},"excerpt":{"rendered":"<p>T\u00fato praktick\u00fa p\u00edlu je mo\u017en\u00e9 zlo\u017ei\u0165 alebo pred\u013a\u017ei\u0165 v z\u00e1vislosti od potrieb rezania. Prisp\u00f4sobte ho konkr\u00e9tnej pr\u00e1ci, ktor\u00fa rob\u00edte!<\/p>\n","protected":false},"featured_media":14438,"comment_status":"closed","ping_status":"closed","template":"","meta":{"inline_featured_image":false},"product_brand":[],"product_cat":[15],"product_tag":[],"class_list":{"0":"post-14434","1":"product","2":"type-product","3":"status-publish","4":"has-post-thumbnail","6":"product_cat-uncategorized","8":"first","9":"instock","10":"sale","11":"taxable","12":"shipping-taxable","13":"purchasable","14":"product-type-simple"},"acf":[],"_links":{"self":[{"href":"https:\/\/cartium.eu\/sk\/wp-json\/wp\/v2\/product\/14434","targetHints":{"allow":["GET"]}}],"collection":[{"href":"https:\/\/cartium.eu\/sk\/wp-json\/wp\/v2\/product"}],"about":[{"href":"https:\/\/cartium.eu\/sk\/wp-json\/wp\/v2\/types\/product"}],"replies":[{"embeddable":true,"href":"https:\/\/cartium.eu\/sk\/wp-json\/wp\/v2\/comments?post=14434"}],"wp:featuredmedia":[{"embeddable":true,"href":"https:\/\/cartium.eu\/sk\/wp-json\/wp\/v2\/media\/14438"}],"wp:attachment":[{"href":"https:\/\/cartium.eu\/sk\/wp-json\/wp\/v2\/media?parent=14434"}],"wp:term":[{"taxonomy":"product_brand","embeddable":true,"href":"https:\/\/cartium.eu\/sk\/wp-json\/wp\/v2\/product_brand?post=14434"},{"taxonomy":"product_cat","embeddable":true,"href":"https:\/\/cartium.eu\/sk\/wp-json\/wp\/v2\/product_cat?post=14434"},{"taxonomy":"product_tag","embeddable":true,"href":"https:\/\/cartium.eu\/sk\/wp-json\/wp\/v2\/product_tag?post=14434"}],"curies":[{"name":"wp","href":"https:\/\/api.w.org\/{rel}","templated":true}]}}