{"id":14451,"date":"2024-02-16T11:43:55","date_gmt":"2024-02-16T10:43:55","guid":{"rendered":"https:\/\/cartium.eu\/sk\/?post_type=product&#038;p=14451"},"modified":"2024-02-17T12:53:52","modified_gmt":"2024-02-17T11:53:52","slug":"velky-vetruodolny-zapalovac-plamenov","status":"publish","type":"product","link":"https:\/\/cartium.eu\/sk\/produkt\/velky-vetruodolny-zapalovac-plamenov\/","title":{"rendered":"Ve\u013ek\u00fd vetruodoln\u00fd zapa\u013eova\u010d plame\u0148ov"},"content":{"rendered":"","protected":false},"excerpt":{"rendered":"<p>Viac\u00fa\u010delov\u00fd, v\u00fdkonn\u00fd zapa\u013eova\u010d so siln\u00fdm plame\u0148om je odoln\u00fd vo\u010di vetru a in\u00fdm poveternostn\u00fdm vplyvom!<\/p>\n","protected":false},"featured_media":14453,"comment_status":"closed","ping_status":"closed","template":"","meta":{"inline_featured_image":false},"product_brand":[],"product_cat":[15],"product_tag":[],"class_list":{"0":"post-14451","1":"product","2":"type-product","3":"status-publish","4":"has-post-thumbnail","6":"product_cat-uncategorized","8":"first","9":"instock","10":"sale","11":"taxable","12":"shipping-taxable","13":"purchasable","14":"product-type-simple"},"acf":[],"_links":{"self":[{"href":"https:\/\/cartium.eu\/sk\/wp-json\/wp\/v2\/product\/14451","targetHints":{"allow":["GET"]}}],"collection":[{"href":"https:\/\/cartium.eu\/sk\/wp-json\/wp\/v2\/product"}],"about":[{"href":"https:\/\/cartium.eu\/sk\/wp-json\/wp\/v2\/types\/product"}],"replies":[{"embeddable":true,"href":"https:\/\/cartium.eu\/sk\/wp-json\/wp\/v2\/comments?post=14451"}],"wp:featuredmedia":[{"embeddable":true,"href":"https:\/\/cartium.eu\/sk\/wp-json\/wp\/v2\/media\/14453"}],"wp:attachment":[{"href":"https:\/\/cartium.eu\/sk\/wp-json\/wp\/v2\/media?parent=14451"}],"wp:term":[{"taxonomy":"product_brand","embeddable":true,"href":"https:\/\/cartium.eu\/sk\/wp-json\/wp\/v2\/product_brand?post=14451"},{"taxonomy":"product_cat","embeddable":true,"href":"https:\/\/cartium.eu\/sk\/wp-json\/wp\/v2\/product_cat?post=14451"},{"taxonomy":"product_tag","embeddable":true,"href":"https:\/\/cartium.eu\/sk\/wp-json\/wp\/v2\/product_tag?post=14451"}],"curies":[{"name":"wp","href":"https:\/\/api.w.org\/{rel}","templated":true}]}}