{"id":14457,"date":"2024-02-16T12:04:35","date_gmt":"2024-02-16T11:04:35","guid":{"rendered":"https:\/\/cartium.eu\/sk\/?post_type=product&#038;p=14457"},"modified":"2024-02-17T12:53:45","modified_gmt":"2024-02-17T11:53:45","slug":"skladaci-rybarsky-prut","status":"publish","type":"product","link":"https:\/\/cartium.eu\/sk\/produkt\/skladaci-rybarsky-prut\/","title":{"rendered":"Skladac\u00ed ryb\u00e1rsky pr\u00fat"},"content":{"rendered":"","protected":false},"excerpt":{"rendered":"<p>Tento \u00fa\u017easn\u00fd skladac\u00ed ryb\u00e1rsky pr\u00fat je dod\u00e1van\u00fd so vstavan\u00fdm navijakom a v\u0161etk\u00fdm pr\u00edslu\u0161enstvom, ktor\u00e9 potrebujete. Sta\u010d\u00ed rozlo\u017ei\u0165, nahodi\u0165 a m\u00f4\u017eete lovi\u0165!<\/p>\n","protected":false},"featured_media":14466,"comment_status":"closed","ping_status":"closed","template":"","meta":{"inline_featured_image":false},"product_brand":[],"product_cat":[15],"product_tag":[],"class_list":{"0":"post-14457","1":"product","2":"type-product","3":"status-publish","4":"has-post-thumbnail","6":"product_cat-uncategorized","8":"first","9":"instock","10":"sale","11":"taxable","12":"shipping-taxable","13":"purchasable","14":"product-type-simple"},"acf":[],"_links":{"self":[{"href":"https:\/\/cartium.eu\/sk\/wp-json\/wp\/v2\/product\/14457","targetHints":{"allow":["GET"]}}],"collection":[{"href":"https:\/\/cartium.eu\/sk\/wp-json\/wp\/v2\/product"}],"about":[{"href":"https:\/\/cartium.eu\/sk\/wp-json\/wp\/v2\/types\/product"}],"replies":[{"embeddable":true,"href":"https:\/\/cartium.eu\/sk\/wp-json\/wp\/v2\/comments?post=14457"}],"wp:featuredmedia":[{"embeddable":true,"href":"https:\/\/cartium.eu\/sk\/wp-json\/wp\/v2\/media\/14466"}],"wp:attachment":[{"href":"https:\/\/cartium.eu\/sk\/wp-json\/wp\/v2\/media?parent=14457"}],"wp:term":[{"taxonomy":"product_brand","embeddable":true,"href":"https:\/\/cartium.eu\/sk\/wp-json\/wp\/v2\/product_brand?post=14457"},{"taxonomy":"product_cat","embeddable":true,"href":"https:\/\/cartium.eu\/sk\/wp-json\/wp\/v2\/product_cat?post=14457"},{"taxonomy":"product_tag","embeddable":true,"href":"https:\/\/cartium.eu\/sk\/wp-json\/wp\/v2\/product_tag?post=14457"}],"curies":[{"name":"wp","href":"https:\/\/api.w.org\/{rel}","templated":true}]}}