{"id":14503,"date":"2024-02-19T07:32:18","date_gmt":"2024-02-19T06:32:18","guid":{"rendered":"https:\/\/cartium.eu\/sk\/?post_type=product&#038;p=14503"},"modified":"2024-02-19T11:22:47","modified_gmt":"2024-02-19T10:22:47","slug":"tichy-basketbal-2","status":"publish","type":"product","link":"https:\/\/cartium.eu\/sk\/produkt\/tichy-basketbal-2\/","title":{"rendered":"Tich\u00fd basketbal"},"content":{"rendered":"","protected":false},"excerpt":{"rendered":"<p>Tich\u00e1 lopti\u010dka na hranie v byte alebo dome je ide\u00e1lna pre ve\u013ea z\u00e1bavy bez ve\u013ek\u00e9ho hluku!<\/p>\n","protected":false},"featured_media":14511,"comment_status":"closed","ping_status":"closed","template":"","meta":{"inline_featured_image":false},"product_brand":[],"product_cat":[15],"product_tag":[],"class_list":{"0":"post-14503","1":"product","2":"type-product","3":"status-publish","4":"has-post-thumbnail","6":"product_cat-uncategorized","8":"first","9":"instock","10":"sale","11":"taxable","12":"shipping-taxable","13":"purchasable","14":"product-type-simple"},"acf":[],"_links":{"self":[{"href":"https:\/\/cartium.eu\/sk\/wp-json\/wp\/v2\/product\/14503","targetHints":{"allow":["GET"]}}],"collection":[{"href":"https:\/\/cartium.eu\/sk\/wp-json\/wp\/v2\/product"}],"about":[{"href":"https:\/\/cartium.eu\/sk\/wp-json\/wp\/v2\/types\/product"}],"replies":[{"embeddable":true,"href":"https:\/\/cartium.eu\/sk\/wp-json\/wp\/v2\/comments?post=14503"}],"wp:featuredmedia":[{"embeddable":true,"href":"https:\/\/cartium.eu\/sk\/wp-json\/wp\/v2\/media\/14511"}],"wp:attachment":[{"href":"https:\/\/cartium.eu\/sk\/wp-json\/wp\/v2\/media?parent=14503"}],"wp:term":[{"taxonomy":"product_brand","embeddable":true,"href":"https:\/\/cartium.eu\/sk\/wp-json\/wp\/v2\/product_brand?post=14503"},{"taxonomy":"product_cat","embeddable":true,"href":"https:\/\/cartium.eu\/sk\/wp-json\/wp\/v2\/product_cat?post=14503"},{"taxonomy":"product_tag","embeddable":true,"href":"https:\/\/cartium.eu\/sk\/wp-json\/wp\/v2\/product_tag?post=14503"}],"curies":[{"name":"wp","href":"https:\/\/api.w.org\/{rel}","templated":true}]}}