{"id":14972,"date":"2024-03-14T15:34:37","date_gmt":"2024-03-14T14:34:37","guid":{"rendered":"https:\/\/cartium.eu\/sk\/?post_type=product&#038;p=14972"},"modified":"2024-03-14T15:35:14","modified_gmt":"2024-03-14T14:35:14","slug":"22-zadarmo-enzimaticky-odstranovac-skvrn","status":"publish","type":"product","link":"https:\/\/cartium.eu\/sk\/produkt\/22-zadarmo-enzimaticky-odstranovac-skvrn\/","title":{"rendered":"2+2 ZADARMO-Enzimatick\u00fd odstra\u0148ova\u010d \u0161kv\u0155n"},"content":{"rendered":"","protected":false},"excerpt":{"rendered":"<p>Zbavte sa v\u0161etk\u00fdch nepr\u00edjemn\u00fdch odoln\u00fdch \u0161kv\u0155n na oble\u010den\u00ed za p\u00e1r min\u00fat!<\/p>\n","protected":false},"featured_media":11966,"comment_status":"closed","ping_status":"closed","template":"","meta":{"inline_featured_image":false},"product_brand":[],"product_cat":[15,27],"product_tag":[],"class_list":{"0":"post-14972","1":"product","2":"type-product","3":"status-publish","4":"has-post-thumbnail","6":"product_cat-uncategorized","7":"product_cat-home","9":"first","10":"instock","11":"sale","12":"taxable","13":"shipping-taxable","14":"purchasable","15":"product-type-simple"},"acf":[],"_links":{"self":[{"href":"https:\/\/cartium.eu\/sk\/wp-json\/wp\/v2\/product\/14972","targetHints":{"allow":["GET"]}}],"collection":[{"href":"https:\/\/cartium.eu\/sk\/wp-json\/wp\/v2\/product"}],"about":[{"href":"https:\/\/cartium.eu\/sk\/wp-json\/wp\/v2\/types\/product"}],"replies":[{"embeddable":true,"href":"https:\/\/cartium.eu\/sk\/wp-json\/wp\/v2\/comments?post=14972"}],"wp:featuredmedia":[{"embeddable":true,"href":"https:\/\/cartium.eu\/sk\/wp-json\/wp\/v2\/media\/11966"}],"wp:attachment":[{"href":"https:\/\/cartium.eu\/sk\/wp-json\/wp\/v2\/media?parent=14972"}],"wp:term":[{"taxonomy":"product_brand","embeddable":true,"href":"https:\/\/cartium.eu\/sk\/wp-json\/wp\/v2\/product_brand?post=14972"},{"taxonomy":"product_cat","embeddable":true,"href":"https:\/\/cartium.eu\/sk\/wp-json\/wp\/v2\/product_cat?post=14972"},{"taxonomy":"product_tag","embeddable":true,"href":"https:\/\/cartium.eu\/sk\/wp-json\/wp\/v2\/product_tag?post=14972"}],"curies":[{"name":"wp","href":"https:\/\/api.w.org\/{rel}","templated":true}]}}