{"id":1624,"date":"2021-03-09T10:08:46","date_gmt":"2021-03-09T09:08:46","guid":{"rendered":"https:\/\/shopium.eu\/sk\/?post_type=product&#038;p=1624"},"modified":"2023-01-30T11:02:14","modified_gmt":"2023-01-30T10:02:14","slug":"nahrdelnik-s-magnetickym-priveskom-v-tvare-srdca-heartjew","status":"publish","type":"product","link":"https:\/\/cartium.eu\/sk\/produkt\/nahrdelnik-s-magnetickym-priveskom-v-tvare-srdca-heartjew\/","title":{"rendered":"N\u00e1hrdeln\u00edk s magnetick\u00fdm pr\u00edveskom v tvare srdca &#8211; HeartJew"},"content":{"rendered":"","protected":false},"excerpt":{"rendered":"<p>V\u00fdnimo\u010dn\u00fd n\u00e1hrdeln\u00edk ur\u010den\u00fd pre p\u00e1ry alebo bl\u00edzkych \u013eud\u00ed, aby ste mali v\u017edy pocit, \u017ee s\u00fa ved\u013ea v\u00e1s.<\/p>\n","protected":false},"featured_media":1633,"comment_status":"closed","ping_status":"closed","template":"","meta":{"inline_featured_image":false},"product_brand":[],"product_cat":[15,27],"product_tag":[],"class_list":{"0":"post-1624","1":"product","2":"type-product","3":"status-publish","4":"has-post-thumbnail","6":"product_cat-uncategorized","7":"product_cat-home","9":"first","10":"instock","11":"sale","12":"taxable","13":"shipping-taxable","14":"purchasable","15":"product-type-simple"},"acf":[],"_links":{"self":[{"href":"https:\/\/cartium.eu\/sk\/wp-json\/wp\/v2\/product\/1624","targetHints":{"allow":["GET"]}}],"collection":[{"href":"https:\/\/cartium.eu\/sk\/wp-json\/wp\/v2\/product"}],"about":[{"href":"https:\/\/cartium.eu\/sk\/wp-json\/wp\/v2\/types\/product"}],"replies":[{"embeddable":true,"href":"https:\/\/cartium.eu\/sk\/wp-json\/wp\/v2\/comments?post=1624"}],"wp:featuredmedia":[{"embeddable":true,"href":"https:\/\/cartium.eu\/sk\/wp-json\/wp\/v2\/media\/1633"}],"wp:attachment":[{"href":"https:\/\/cartium.eu\/sk\/wp-json\/wp\/v2\/media?parent=1624"}],"wp:term":[{"taxonomy":"product_brand","embeddable":true,"href":"https:\/\/cartium.eu\/sk\/wp-json\/wp\/v2\/product_brand?post=1624"},{"taxonomy":"product_cat","embeddable":true,"href":"https:\/\/cartium.eu\/sk\/wp-json\/wp\/v2\/product_cat?post=1624"},{"taxonomy":"product_tag","embeddable":true,"href":"https:\/\/cartium.eu\/sk\/wp-json\/wp\/v2\/product_tag?post=1624"}],"curies":[{"name":"wp","href":"https:\/\/api.w.org\/{rel}","templated":true}]}}