{"id":2342,"date":"2019-10-15T15:35:27","date_gmt":"2019-10-15T13:35:27","guid":{"rendered":"https:\/\/cartium.eu\/sk\/?post_type=product&#038;p=2342"},"modified":"2023-01-04T10:31:59","modified_gmt":"2023-01-04T09:31:59","slug":"11-zadarmo-keratinova-maska-%e2%80%8b%e2%80%8bna-vlasy-hairsilky","status":"publish","type":"product","link":"https:\/\/cartium.eu\/sk\/produkt\/11-zadarmo-keratinova-maska-%e2%80%8b%e2%80%8bna-vlasy-hairsilky\/","title":{"rendered":"1+1 ZADARMO Kerat\u00ednov\u00e1 maska \u200b\u200bna vlasy &#8211; HairSilky"},"content":{"rendered":"<p>T\u00fdmto revolu\u010dn\u00fdm produktom zregenerujte svoje vlasy pr\u00edrodnou a vysoko kvalitnou kerat\u00ednovou maskou iba za p\u00e1r dn\u00ed a sta\u0148te sa jedn\u00fdm z mnoh\u00fdch spokojn\u00fdch z\u00e1kazn\u00edkov!<\/p>\n","protected":false},"excerpt":{"rendered":"<p>T\u00fdmto revolu\u010dn\u00fdm produktom zregenerujte svoje vlasy pr\u00edrodnou a vysoko kvalitnou kerat\u00ednovou maskou iba za p\u00e1r dn\u00ed a sta\u0148te sa jedn\u00fdm z mnoh\u00fdch spokojn\u00fdch z\u00e1kazn\u00edkov!<\/p>\n","protected":false},"featured_media":810,"comment_status":"closed","ping_status":"closed","template":"","meta":{"inline_featured_image":false},"product_brand":[],"product_cat":[15,28],"product_tag":[],"class_list":{"0":"post-2342","1":"product","2":"type-product","3":"status-publish","4":"has-post-thumbnail","6":"product_cat-uncategorized","7":"product_cat-beauty","9":"first","10":"instock","11":"sale","12":"taxable","13":"shipping-taxable","14":"purchasable","15":"product-type-simple"},"acf":[],"_links":{"self":[{"href":"https:\/\/cartium.eu\/sk\/wp-json\/wp\/v2\/product\/2342","targetHints":{"allow":["GET"]}}],"collection":[{"href":"https:\/\/cartium.eu\/sk\/wp-json\/wp\/v2\/product"}],"about":[{"href":"https:\/\/cartium.eu\/sk\/wp-json\/wp\/v2\/types\/product"}],"replies":[{"embeddable":true,"href":"https:\/\/cartium.eu\/sk\/wp-json\/wp\/v2\/comments?post=2342"}],"wp:featuredmedia":[{"embeddable":true,"href":"https:\/\/cartium.eu\/sk\/wp-json\/wp\/v2\/media\/810"}],"wp:attachment":[{"href":"https:\/\/cartium.eu\/sk\/wp-json\/wp\/v2\/media?parent=2342"}],"wp:term":[{"taxonomy":"product_brand","embeddable":true,"href":"https:\/\/cartium.eu\/sk\/wp-json\/wp\/v2\/product_brand?post=2342"},{"taxonomy":"product_cat","embeddable":true,"href":"https:\/\/cartium.eu\/sk\/wp-json\/wp\/v2\/product_cat?post=2342"},{"taxonomy":"product_tag","embeddable":true,"href":"https:\/\/cartium.eu\/sk\/wp-json\/wp\/v2\/product_tag?post=2342"}],"curies":[{"name":"wp","href":"https:\/\/api.w.org\/{rel}","templated":true}]}}