{"id":2343,"date":"2019-10-15T15:36:56","date_gmt":"2019-10-15T13:36:56","guid":{"rendered":"https:\/\/cartium.eu\/sk\/?post_type=product&#038;p=2343"},"modified":"2021-10-20T09:14:16","modified_gmt":"2021-10-20T07:14:16","slug":"11-zadarmo-rohova-freza-na-drevo-miter","status":"publish","type":"product","link":"https:\/\/cartium.eu\/sk\/produkt\/11-zadarmo-rohova-freza-na-drevo-miter\/","title":{"rendered":"1+1 ZADARMO Rohov\u00e1 fr\u00e9za na drevo \u2013 Miter"},"content":{"rendered":"","protected":false},"excerpt":{"rendered":"<p><span style=\"font-weight: 400\">Absol\u00fatny hit v spracovan\u00ed dreva a vytv\u00e1ran\u00ed siln\u00fdch spojov v 90-stup\u0148ovom uhle s touto univerz\u00e1lnou fr\u00e9zou v\u00e1m umo\u017en\u00ed \u013eah\u0161iu a r\u00fdchlej\u0161iu pr\u00e1cu vo va\u0161ej dom\u00e1cnosti alebo dielni.<\/span><\/p>\n","protected":false},"featured_media":1527,"comment_status":"closed","ping_status":"closed","template":"","meta":{"inline_featured_image":false},"product_brand":[],"product_cat":[15],"product_tag":[],"class_list":{"0":"post-2343","1":"product","2":"type-product","3":"status-publish","4":"has-post-thumbnail","6":"product_cat-uncategorized","8":"first","9":"instock","10":"sale","11":"taxable","12":"shipping-taxable","13":"purchasable","14":"product-type-simple"},"acf":[],"_links":{"self":[{"href":"https:\/\/cartium.eu\/sk\/wp-json\/wp\/v2\/product\/2343","targetHints":{"allow":["GET"]}}],"collection":[{"href":"https:\/\/cartium.eu\/sk\/wp-json\/wp\/v2\/product"}],"about":[{"href":"https:\/\/cartium.eu\/sk\/wp-json\/wp\/v2\/types\/product"}],"replies":[{"embeddable":true,"href":"https:\/\/cartium.eu\/sk\/wp-json\/wp\/v2\/comments?post=2343"}],"wp:featuredmedia":[{"embeddable":true,"href":"https:\/\/cartium.eu\/sk\/wp-json\/wp\/v2\/media\/1527"}],"wp:attachment":[{"href":"https:\/\/cartium.eu\/sk\/wp-json\/wp\/v2\/media?parent=2343"}],"wp:term":[{"taxonomy":"product_brand","embeddable":true,"href":"https:\/\/cartium.eu\/sk\/wp-json\/wp\/v2\/product_brand?post=2343"},{"taxonomy":"product_cat","embeddable":true,"href":"https:\/\/cartium.eu\/sk\/wp-json\/wp\/v2\/product_cat?post=2343"},{"taxonomy":"product_tag","embeddable":true,"href":"https:\/\/cartium.eu\/sk\/wp-json\/wp\/v2\/product_tag?post=2343"}],"curies":[{"name":"wp","href":"https:\/\/api.w.org\/{rel}","templated":true}]}}