{"id":2346,"date":"2019-10-18T13:43:23","date_gmt":"2019-10-18T11:43:23","guid":{"rendered":"https:\/\/cartium.eu\/sk\/?post_type=product&#038;p=2346"},"modified":"2023-01-05T14:07:08","modified_gmt":"2023-01-05T13:07:08","slug":"11-zadarmo-nadstavec-na-vrtacky-uhlovy-angleadapter","status":"publish","type":"product","link":"https:\/\/cartium.eu\/sk\/produkt\/11-zadarmo-nadstavec-na-vrtacky-uhlovy-angleadapter\/","title":{"rendered":"1+1 ZADARMO Nadstavec na v\u0155ta\u010dky (uhlov\u00fd) &#8211; AngleAdapter"},"content":{"rendered":"","protected":false},"excerpt":{"rendered":"<p>U\u013eah\u010dite si vykon\u00e1vanie ka\u017edodenn\u00fdch \u00faloh \u010di u\u017e ste profesion\u00e1l alebo v\u00e1m tento nadstavec sl\u00fa\u017ei na dom\u00e1ce pou\u017eitie.<\/p>\n","protected":false},"featured_media":2259,"comment_status":"closed","ping_status":"closed","template":"","meta":{"inline_featured_image":false},"product_brand":[],"product_cat":[15,24],"product_tag":[],"class_list":{"0":"post-2346","1":"product","2":"type-product","3":"status-publish","4":"has-post-thumbnail","6":"product_cat-uncategorized","7":"product_cat-sale","9":"first","10":"instock","11":"sale","12":"taxable","13":"shipping-taxable","14":"purchasable","15":"product-type-simple"},"acf":[],"_links":{"self":[{"href":"https:\/\/cartium.eu\/sk\/wp-json\/wp\/v2\/product\/2346","targetHints":{"allow":["GET"]}}],"collection":[{"href":"https:\/\/cartium.eu\/sk\/wp-json\/wp\/v2\/product"}],"about":[{"href":"https:\/\/cartium.eu\/sk\/wp-json\/wp\/v2\/types\/product"}],"replies":[{"embeddable":true,"href":"https:\/\/cartium.eu\/sk\/wp-json\/wp\/v2\/comments?post=2346"}],"wp:featuredmedia":[{"embeddable":true,"href":"https:\/\/cartium.eu\/sk\/wp-json\/wp\/v2\/media\/2259"}],"wp:attachment":[{"href":"https:\/\/cartium.eu\/sk\/wp-json\/wp\/v2\/media?parent=2346"}],"wp:term":[{"taxonomy":"product_brand","embeddable":true,"href":"https:\/\/cartium.eu\/sk\/wp-json\/wp\/v2\/product_brand?post=2346"},{"taxonomy":"product_cat","embeddable":true,"href":"https:\/\/cartium.eu\/sk\/wp-json\/wp\/v2\/product_cat?post=2346"},{"taxonomy":"product_tag","embeddable":true,"href":"https:\/\/cartium.eu\/sk\/wp-json\/wp\/v2\/product_tag?post=2346"}],"curies":[{"name":"wp","href":"https:\/\/api.w.org\/{rel}","templated":true}]}}